{"id":43173,"date":"2026-02-12T20:58:18","date_gmt":"2026-02-12T19:58:18","guid":{"rendered":"https:\/\/silviafernandez.com\/?post_type=product&#038;p=43173"},"modified":"2026-02-27T08:40:10","modified_gmt":"2026-02-27T07:40:10","slug":"lola","status":"publish","type":"product","link":"https:\/\/silviafernandez.com\/it\/monica-cruz-x-silvia-fernandez\/lola\/","title":{"rendered":"LOLA"},"content":{"rendered":"","protected":false},"excerpt":{"rendered":"<p><strong>Lola<\/strong> es un vestido en seda salvaje de silueta muy definida. El escote bardot, trabajado con volumen y pliegues estructurados, enmarca los hombros y aporta fuerza visual. La falda l\u00e1piz equilibra el dise\u00f1o con una l\u00ednea recta y limpia, creando un contraste elegante entre la estructura superior y la verticalidad del conjunto.<\/p>","protected":false},"featured_media":43704,"template":"","meta":[],"product_brand":[],"product_cat":[1677],"product_tag":[],"class_list":{"0":"post-43173","1":"product","2":"type-product","3":"status-publish","4":"has-post-thumbnail","6":"product_cat-monica-cruz-x-silvia-fernandez","8":"first","9":"instock","10":"taxable","11":"shipping-taxable","12":"product-type-variable"},"_links":{"self":[{"href":"https:\/\/silviafernandez.com\/it\/wp-json\/wp\/v2\/product\/43173","targetHints":{"allow":["GET"]}}],"collection":[{"href":"https:\/\/silviafernandez.com\/it\/wp-json\/wp\/v2\/product"}],"about":[{"href":"https:\/\/silviafernandez.com\/it\/wp-json\/wp\/v2\/types\/product"}],"wp:featuredmedia":[{"embeddable":true,"href":"https:\/\/silviafernandez.com\/it\/wp-json\/wp\/v2\/media\/43704"}],"wp:attachment":[{"href":"https:\/\/silviafernandez.com\/it\/wp-json\/wp\/v2\/media?parent=43173"}],"wp:term":[{"taxonomy":"product_brand","embeddable":true,"href":"https:\/\/silviafernandez.com\/it\/wp-json\/wp\/v2\/product_brand?post=43173"},{"taxonomy":"product_cat","embeddable":true,"href":"https:\/\/silviafernandez.com\/it\/wp-json\/wp\/v2\/product_cat?post=43173"},{"taxonomy":"product_tag","embeddable":true,"href":"https:\/\/silviafernandez.com\/it\/wp-json\/wp\/v2\/product_tag?post=43173"}],"curies":[{"name":"wp","href":"https:\/\/api.w.org\/{rel}","templated":true}]}}