{"id":43145,"date":"2026-02-12T20:58:18","date_gmt":"2026-02-12T19:58:18","guid":{"rendered":"https:\/\/silviafernandez.com\/?post_type=product&#038;p=43145"},"modified":"2026-02-19T12:05:28","modified_gmt":"2026-02-19T11:05:28","slug":"juana","status":"publish","type":"product","link":"https:\/\/silviafernandez.com\/it\/monica-cruz-x-silvia-fernandez\/juana\/","title":{"rendered":"JUANA"},"content":{"rendered":"","protected":false},"excerpt":{"rendered":"<p><strong>Juana<\/strong> est\u00e1 confeccionado en tul bordado con paillette, donde la transparencia y el trabajo artesanal marcan el dise\u00f1o. La l\u00ednea asim\u00e9trica y el cuerpo ligeramente entallado acompa\u00f1an una ca\u00edda fluida que deja ver el bordado a lo largo de toda la pieza. Los destellos del paillette aportan profundidad, mientras el acabado inferior m\u00e1s ligero refuerza la sensaci\u00f3n de movimiento.<\/p>","protected":false},"featured_media":43545,"template":"","meta":[],"product_brand":[],"product_cat":[1677],"product_tag":[],"class_list":{"0":"post-43145","1":"product","2":"type-product","3":"status-publish","4":"has-post-thumbnail","6":"product_cat-monica-cruz-x-silvia-fernandez","8":"first","9":"instock","10":"taxable","11":"shipping-taxable","12":"product-type-variable"},"_links":{"self":[{"href":"https:\/\/silviafernandez.com\/it\/wp-json\/wp\/v2\/product\/43145","targetHints":{"allow":["GET"]}}],"collection":[{"href":"https:\/\/silviafernandez.com\/it\/wp-json\/wp\/v2\/product"}],"about":[{"href":"https:\/\/silviafernandez.com\/it\/wp-json\/wp\/v2\/types\/product"}],"wp:featuredmedia":[{"embeddable":true,"href":"https:\/\/silviafernandez.com\/it\/wp-json\/wp\/v2\/media\/43545"}],"wp:attachment":[{"href":"https:\/\/silviafernandez.com\/it\/wp-json\/wp\/v2\/media?parent=43145"}],"wp:term":[{"taxonomy":"product_brand","embeddable":true,"href":"https:\/\/silviafernandez.com\/it\/wp-json\/wp\/v2\/product_brand?post=43145"},{"taxonomy":"product_cat","embeddable":true,"href":"https:\/\/silviafernandez.com\/it\/wp-json\/wp\/v2\/product_cat?post=43145"},{"taxonomy":"product_tag","embeddable":true,"href":"https:\/\/silviafernandez.com\/it\/wp-json\/wp\/v2\/product_tag?post=43145"}],"curies":[{"name":"wp","href":"https:\/\/api.w.org\/{rel}","templated":true}]}}