{"id":42951,"date":"2026-02-12T20:58:19","date_gmt":"2026-02-12T19:58:19","guid":{"rendered":"https:\/\/silviafernandez.com\/?post_type=product&#038;p=42951"},"modified":"2026-02-19T11:44:34","modified_gmt":"2026-02-19T10:44:34","slug":"frida","status":"publish","type":"product","link":"https:\/\/silviafernandez.com\/it\/monica-cruz-x-silvia-fernandez\/frida\/","title":{"rendered":"FRIDA"},"content":{"rendered":"","protected":false},"excerpt":{"rendered":"<p><strong>Frida<\/strong> es un vestido palabra de honor en crepe, de silueta limpia y presencia rotunda. El dise\u00f1o se transforma con una boa de organza de gran volumen, que envuelve el escote y aporta amplitud y un gesto muy esc\u00e9nico. El contraste entre la sobriedad del cuerpo y la fuerza de la organza define una est\u00e9tica potente y muy actual.<\/p>","protected":false},"featured_media":43537,"template":"","meta":[],"product_brand":[],"product_cat":[1677],"product_tag":[],"class_list":{"0":"post-42951","1":"product","2":"type-product","3":"status-publish","4":"has-post-thumbnail","6":"product_cat-monica-cruz-x-silvia-fernandez","8":"first","9":"instock","10":"taxable","11":"shipping-taxable","12":"product-type-variable"},"_links":{"self":[{"href":"https:\/\/silviafernandez.com\/it\/wp-json\/wp\/v2\/product\/42951","targetHints":{"allow":["GET"]}}],"collection":[{"href":"https:\/\/silviafernandez.com\/it\/wp-json\/wp\/v2\/product"}],"about":[{"href":"https:\/\/silviafernandez.com\/it\/wp-json\/wp\/v2\/types\/product"}],"wp:featuredmedia":[{"embeddable":true,"href":"https:\/\/silviafernandez.com\/it\/wp-json\/wp\/v2\/media\/43537"}],"wp:attachment":[{"href":"https:\/\/silviafernandez.com\/it\/wp-json\/wp\/v2\/media?parent=42951"}],"wp:term":[{"taxonomy":"product_brand","embeddable":true,"href":"https:\/\/silviafernandez.com\/it\/wp-json\/wp\/v2\/product_brand?post=42951"},{"taxonomy":"product_cat","embeddable":true,"href":"https:\/\/silviafernandez.com\/it\/wp-json\/wp\/v2\/product_cat?post=42951"},{"taxonomy":"product_tag","embeddable":true,"href":"https:\/\/silviafernandez.com\/it\/wp-json\/wp\/v2\/product_tag?post=42951"}],"curies":[{"name":"wp","href":"https:\/\/api.w.org\/{rel}","templated":true}]}}