{"id":42795,"date":"2026-02-12T20:58:19","date_gmt":"2026-02-12T19:58:19","guid":{"rendered":"https:\/\/silviafernandez.com\/?post_type=product&#038;p=42795"},"modified":"2026-02-19T12:03:27","modified_gmt":"2026-02-19T11:03:27","slug":"antonella","status":"publish","type":"product","link":"https:\/\/silviafernandez.com\/it\/monica-cruz-x-silvia-fernandez\/antonella\/","title":{"rendered":"ANTONELLA"},"content":{"rendered":"","protected":false},"excerpt":{"rendered":"<p>Antonella es un vestido de punto drapeado que se adapta al cuerpo con una ca\u00edda fluida y muy favorecedora. El escote asim\u00e9trico y la manga larga aportan equilibrio y car\u00e1cter, mientras los pliegues recorren la silueta de forma natural, marc\u00e1ndola sin rigidez. La abertura lateral aligera la l\u00ednea y aporta movimiento, manteniendo una elegancia actual.<\/p>","protected":false},"featured_media":43485,"template":"","meta":[],"product_brand":[],"product_cat":[1677],"product_tag":[],"class_list":{"0":"post-42795","1":"product","2":"type-product","3":"status-publish","4":"has-post-thumbnail","6":"product_cat-monica-cruz-x-silvia-fernandez","8":"first","9":"instock","10":"taxable","11":"shipping-taxable","12":"product-type-variable"},"_links":{"self":[{"href":"https:\/\/silviafernandez.com\/it\/wp-json\/wp\/v2\/product\/42795","targetHints":{"allow":["GET"]}}],"collection":[{"href":"https:\/\/silviafernandez.com\/it\/wp-json\/wp\/v2\/product"}],"about":[{"href":"https:\/\/silviafernandez.com\/it\/wp-json\/wp\/v2\/types\/product"}],"wp:featuredmedia":[{"embeddable":true,"href":"https:\/\/silviafernandez.com\/it\/wp-json\/wp\/v2\/media\/43485"}],"wp:attachment":[{"href":"https:\/\/silviafernandez.com\/it\/wp-json\/wp\/v2\/media?parent=42795"}],"wp:term":[{"taxonomy":"product_brand","embeddable":true,"href":"https:\/\/silviafernandez.com\/it\/wp-json\/wp\/v2\/product_brand?post=42795"},{"taxonomy":"product_cat","embeddable":true,"href":"https:\/\/silviafernandez.com\/it\/wp-json\/wp\/v2\/product_cat?post=42795"},{"taxonomy":"product_tag","embeddable":true,"href":"https:\/\/silviafernandez.com\/it\/wp-json\/wp\/v2\/product_tag?post=42795"}],"curies":[{"name":"wp","href":"https:\/\/api.w.org\/{rel}","templated":true}]}}