{"id":42394,"date":"2026-02-26T20:55:04","date_gmt":"2026-02-26T19:55:04","guid":{"rendered":"https:\/\/silviafernandez.com\/?post_type=product&#038;p=42394"},"modified":"2026-02-26T20:55:04","modified_gmt":"2026-02-26T19:55:04","slug":"rodas","status":"publish","type":"product","link":"https:\/\/silviafernandez.com\/it\/camelia\/rodas\/","title":{"rendered":"RODAS"},"content":{"rendered":"","protected":false},"excerpt":{"rendered":"<p>Potencia en tres piezas: top asim\u00e9trico, pantal\u00f3n palazzo y faj\u00edn. Este conjunto de invitada en crepe combina un top asim\u00e9trico de l\u00edneas depuradas con un pantal\u00f3n palazzo fluido y elegante.<\/p>\n<p>El detalle que lo cambia todo es el faj\u00edn con ca\u00eddas laterales: marca la cintura, aporta arquitectura y convierte el look en un outfit de fiesta moderno, diferente y sofisticado.<\/p>","protected":false},"featured_media":42413,"template":"","meta":[],"product_brand":[],"product_cat":[810],"product_tag":[],"class_list":{"0":"post-42394","1":"product","2":"type-product","3":"status-publish","4":"has-post-thumbnail","6":"product_cat-camelia","8":"first","9":"instock","10":"taxable","11":"shipping-taxable","12":"purchasable","13":"product-type-variable"},"_links":{"self":[{"href":"https:\/\/silviafernandez.com\/it\/wp-json\/wp\/v2\/product\/42394","targetHints":{"allow":["GET"]}}],"collection":[{"href":"https:\/\/silviafernandez.com\/it\/wp-json\/wp\/v2\/product"}],"about":[{"href":"https:\/\/silviafernandez.com\/it\/wp-json\/wp\/v2\/types\/product"}],"wp:featuredmedia":[{"embeddable":true,"href":"https:\/\/silviafernandez.com\/it\/wp-json\/wp\/v2\/media\/42413"}],"wp:attachment":[{"href":"https:\/\/silviafernandez.com\/it\/wp-json\/wp\/v2\/media?parent=42394"}],"wp:term":[{"taxonomy":"product_brand","embeddable":true,"href":"https:\/\/silviafernandez.com\/it\/wp-json\/wp\/v2\/product_brand?post=42394"},{"taxonomy":"product_cat","embeddable":true,"href":"https:\/\/silviafernandez.com\/it\/wp-json\/wp\/v2\/product_cat?post=42394"},{"taxonomy":"product_tag","embeddable":true,"href":"https:\/\/silviafernandez.com\/it\/wp-json\/wp\/v2\/product_tag?post=42394"}],"curies":[{"name":"wp","href":"https:\/\/api.w.org\/{rel}","templated":true}]}}