{"id":42064,"date":"2026-02-26T20:55:06","date_gmt":"2026-02-26T19:55:06","guid":{"rendered":"https:\/\/silviafernandez.com\/?post_type=product&#038;p=42064"},"modified":"2026-02-26T20:55:06","modified_gmt":"2026-02-26T19:55:06","slug":"mera","status":"publish","type":"product","link":"https:\/\/silviafernandez.com\/it\/camelia\/mera\/","title":{"rendered":"MERA"},"content":{"rendered":"","protected":false},"excerpt":{"rendered":"<p>Impacto inmediato. Este vestido de invitada en tafeta combina un drapeado diagonal que dibuja la silueta con un dise\u00f1o asim\u00e9trico de un hombro, limpio y muy actual. El detalle clave es el maxi adorno en el hombro, con volumen y una ca\u00edda larga que transforma el look y a\u00f1ade movimiento sin necesidad de m\u00e1s. Un vestido de fiesta con actitud, moderno y muy llamativo.<\/p>","protected":false},"featured_media":42083,"template":"","meta":[],"product_brand":[],"product_cat":[810],"product_tag":[],"class_list":{"0":"post-42064","1":"product","2":"type-product","3":"status-publish","4":"has-post-thumbnail","6":"product_cat-camelia","8":"first","9":"instock","10":"taxable","11":"shipping-taxable","12":"purchasable","13":"product-type-variable"},"_links":{"self":[{"href":"https:\/\/silviafernandez.com\/it\/wp-json\/wp\/v2\/product\/42064","targetHints":{"allow":["GET"]}}],"collection":[{"href":"https:\/\/silviafernandez.com\/it\/wp-json\/wp\/v2\/product"}],"about":[{"href":"https:\/\/silviafernandez.com\/it\/wp-json\/wp\/v2\/types\/product"}],"wp:featuredmedia":[{"embeddable":true,"href":"https:\/\/silviafernandez.com\/it\/wp-json\/wp\/v2\/media\/42083"}],"wp:attachment":[{"href":"https:\/\/silviafernandez.com\/it\/wp-json\/wp\/v2\/media?parent=42064"}],"wp:term":[{"taxonomy":"product_brand","embeddable":true,"href":"https:\/\/silviafernandez.com\/it\/wp-json\/wp\/v2\/product_brand?post=42064"},{"taxonomy":"product_cat","embeddable":true,"href":"https:\/\/silviafernandez.com\/it\/wp-json\/wp\/v2\/product_cat?post=42064"},{"taxonomy":"product_tag","embeddable":true,"href":"https:\/\/silviafernandez.com\/it\/wp-json\/wp\/v2\/product_tag?post=42064"}],"curies":[{"name":"wp","href":"https:\/\/api.w.org\/{rel}","templated":true}]}}