{"id":41441,"date":"2026-02-26T20:55:08","date_gmt":"2026-02-26T19:55:08","guid":{"rendered":"https:\/\/silviafernandez.com\/?post_type=product&#038;p=41441"},"modified":"2026-02-26T20:55:08","modified_gmt":"2026-02-26T19:55:08","slug":"couso","status":"publish","type":"product","link":"https:\/\/silviafernandez.com\/it\/camelia\/couso\/","title":{"rendered":"COUSO"},"content":{"rendered":"","protected":false},"excerpt":{"rendered":"<p>Dos piezas y mucho impacto. Este conjunto de invitada mezcla un top de georgette asim\u00e9trico con frunces y nudo central, rematado con una ca\u00edda drapeada que a\u00f1ade movimiento y un aire muy actual.<\/p>\n<p>La falda l\u00e1piz en crepe de cintura alta, equilibra el conjunto y alarga la silueta con un acabado pulido. Un look de fiesta moderno para eventos, con ese punto diferente sin perder elegancia.<\/p>\n<p>.<\/p>","protected":false},"featured_media":41460,"template":"","meta":[],"product_brand":[],"product_cat":[810],"product_tag":[],"class_list":{"0":"post-41441","1":"product","2":"type-product","3":"status-publish","4":"has-post-thumbnail","6":"product_cat-camelia","8":"first","9":"instock","10":"taxable","11":"shipping-taxable","12":"purchasable","13":"product-type-variable"},"_links":{"self":[{"href":"https:\/\/silviafernandez.com\/it\/wp-json\/wp\/v2\/product\/41441","targetHints":{"allow":["GET"]}}],"collection":[{"href":"https:\/\/silviafernandez.com\/it\/wp-json\/wp\/v2\/product"}],"about":[{"href":"https:\/\/silviafernandez.com\/it\/wp-json\/wp\/v2\/types\/product"}],"wp:featuredmedia":[{"embeddable":true,"href":"https:\/\/silviafernandez.com\/it\/wp-json\/wp\/v2\/media\/41460"}],"wp:attachment":[{"href":"https:\/\/silviafernandez.com\/it\/wp-json\/wp\/v2\/media?parent=41441"}],"wp:term":[{"taxonomy":"product_brand","embeddable":true,"href":"https:\/\/silviafernandez.com\/it\/wp-json\/wp\/v2\/product_brand?post=41441"},{"taxonomy":"product_cat","embeddable":true,"href":"https:\/\/silviafernandez.com\/it\/wp-json\/wp\/v2\/product_cat?post=41441"},{"taxonomy":"product_tag","embeddable":true,"href":"https:\/\/silviafernandez.com\/it\/wp-json\/wp\/v2\/product_tag?post=41441"}],"curies":[{"name":"wp","href":"https:\/\/api.w.org\/{rel}","templated":true}]}}