{"id":41033,"date":"2026-02-26T20:55:10","date_gmt":"2026-02-26T19:55:10","guid":{"rendered":"https:\/\/silviafernandez.com\/?post_type=product&#038;p=41033"},"modified":"2026-02-26T20:55:10","modified_gmt":"2026-02-26T19:55:10","slug":"boa","status":"publish","type":"product","link":"https:\/\/silviafernandez.com\/it\/camelia\/boa\/","title":{"rendered":"BOA"},"content":{"rendered":"","protected":false},"excerpt":{"rendered":"<p>L\u00edneas limpias, presencia inmediata y un detalle protagonista. Este vestido midi en crepe apuesta por una silueta que estiliza al m\u00e1ximo, con manga larga y un escote cerrado que equilibra el conjunto con elegancia.<\/p>\n<p>El toque especial lo ponen los pu\u00f1os de sat\u00e9n, con volumen suave y acabado brillante, que aportan contraste y elevan el dise\u00f1o sin necesidad de m\u00e1s. Un vestido perfecto para invitadas que buscan un look sofisticado, con personalidad y muy actual.<\/p>","protected":false},"featured_media":41079,"template":"","meta":[],"product_brand":[],"product_cat":[810],"product_tag":[],"class_list":{"0":"post-41033","1":"product","2":"type-product","3":"status-publish","4":"has-post-thumbnail","6":"product_cat-camelia","8":"first","9":"instock","10":"taxable","11":"shipping-taxable","12":"purchasable","13":"product-type-variable"},"_links":{"self":[{"href":"https:\/\/silviafernandez.com\/it\/wp-json\/wp\/v2\/product\/41033","targetHints":{"allow":["GET"]}}],"collection":[{"href":"https:\/\/silviafernandez.com\/it\/wp-json\/wp\/v2\/product"}],"about":[{"href":"https:\/\/silviafernandez.com\/it\/wp-json\/wp\/v2\/types\/product"}],"wp:featuredmedia":[{"embeddable":true,"href":"https:\/\/silviafernandez.com\/it\/wp-json\/wp\/v2\/media\/41079"}],"wp:attachment":[{"href":"https:\/\/silviafernandez.com\/it\/wp-json\/wp\/v2\/media?parent=41033"}],"wp:term":[{"taxonomy":"product_brand","embeddable":true,"href":"https:\/\/silviafernandez.com\/it\/wp-json\/wp\/v2\/product_brand?post=41033"},{"taxonomy":"product_cat","embeddable":true,"href":"https:\/\/silviafernandez.com\/it\/wp-json\/wp\/v2\/product_cat?post=41033"},{"taxonomy":"product_tag","embeddable":true,"href":"https:\/\/silviafernandez.com\/it\/wp-json\/wp\/v2\/product_tag?post=41033"}],"curies":[{"name":"wp","href":"https:\/\/api.w.org\/{rel}","templated":true}]}}