{"id":40994,"date":"2026-02-26T20:55:11","date_gmt":"2026-02-26T19:55:11","guid":{"rendered":"https:\/\/silviafernandez.com\/?post_type=product&#038;p=40994"},"modified":"2026-02-26T20:55:11","modified_gmt":"2026-02-26T19:55:11","slug":"barrana","status":"publish","type":"product","link":"https:\/\/silviafernandez.com\/it\/camelia\/barrana\/","title":{"rendered":"BARRA\u00d1A"},"content":{"rendered":"","protected":false},"excerpt":{"rendered":"<p>Un vestido pensado para impactar desde la sencillez. El crepe define una silueta limpia y muy estilizada, con escote palabra de honor y corte entallado que acompa\u00f1a el cuerpo con una ca\u00edda impecable. El protagonismo llega en el bajo: un z\u00f3calo de tafeta que aporta estructura, volumen y movimiento, creando un acabado especial.<\/p>\n<p>La combinaci\u00f3n de texturas equilibra lo minimal con lo esc\u00e9nico, convirti\u00e9ndolo en una elecci\u00f3n perfecta para invitadas que buscan un look de ceremonia con personalidad, elegante y diferente.<\/p>","protected":false},"featured_media":41013,"template":"","meta":[],"product_brand":[],"product_cat":[810],"product_tag":[],"class_list":{"0":"post-40994","1":"product","2":"type-product","3":"status-publish","4":"has-post-thumbnail","6":"product_cat-camelia","8":"first","9":"instock","10":"taxable","11":"shipping-taxable","12":"purchasable","13":"product-type-variable"},"_links":{"self":[{"href":"https:\/\/silviafernandez.com\/it\/wp-json\/wp\/v2\/product\/40994","targetHints":{"allow":["GET"]}}],"collection":[{"href":"https:\/\/silviafernandez.com\/it\/wp-json\/wp\/v2\/product"}],"about":[{"href":"https:\/\/silviafernandez.com\/it\/wp-json\/wp\/v2\/types\/product"}],"wp:featuredmedia":[{"embeddable":true,"href":"https:\/\/silviafernandez.com\/it\/wp-json\/wp\/v2\/media\/41013"}],"wp:attachment":[{"href":"https:\/\/silviafernandez.com\/it\/wp-json\/wp\/v2\/media?parent=40994"}],"wp:term":[{"taxonomy":"product_brand","embeddable":true,"href":"https:\/\/silviafernandez.com\/it\/wp-json\/wp\/v2\/product_brand?post=40994"},{"taxonomy":"product_cat","embeddable":true,"href":"https:\/\/silviafernandez.com\/it\/wp-json\/wp\/v2\/product_cat?post=40994"},{"taxonomy":"product_tag","embeddable":true,"href":"https:\/\/silviafernandez.com\/it\/wp-json\/wp\/v2\/product_tag?post=40994"}],"curies":[{"name":"wp","href":"https:\/\/api.w.org\/{rel}","templated":true}]}}