{"id":39744,"date":"2025-12-03T11:30:39","date_gmt":"2025-12-03T10:30:39","guid":{"rendered":"https:\/\/silviafernandez.com\/?post_type=product&#038;p=39744"},"modified":"2025-12-03T12:23:42","modified_gmt":"2025-12-03T11:23:42","slug":"ninette","status":"publish","type":"product","link":"https:\/\/silviafernandez.com\/it\/vestidos-de-fiesta\/lazos-fiesta\/ninette\/","title":{"rendered":"NINETTE"},"content":{"rendered":"","protected":false},"excerpt":{"rendered":"<p>El conjunto Ninette redefine la elegancia contempor\u00e1nea con una combinaci\u00f3n exquisita de tejidos y proporciones. Su chaqueta en crepe destaca por los pu\u00f1os abullonados y el cintur\u00f3n en sat\u00e9n, que aportan brillo y contraste, marcando sutilmente la cintura. El pantal\u00f3n palazzo en sat\u00e9n completa el conjunto con una ca\u00edda fluida y sofisticada. Ideal para mujeres que buscan una alternativa elegante al vestido de fiesta, con una silueta moderna, refinada y muy favorecedora. Su mezcla de texturas crea un look distinguido y atemporal.<\/p>","protected":false},"featured_media":39764,"template":"","meta":[],"product_brand":[],"product_cat":[1586,139],"product_tag":[],"class_list":{"0":"post-39744","1":"product","2":"type-product","3":"status-publish","4":"has-post-thumbnail","6":"product_cat-lazos-fiesta","7":"product_cat-vestidos-de-fiesta","9":"first","10":"instock","11":"taxable","12":"shipping-taxable","13":"purchasable","14":"product-type-variable"},"_links":{"self":[{"href":"https:\/\/silviafernandez.com\/it\/wp-json\/wp\/v2\/product\/39744","targetHints":{"allow":["GET"]}}],"collection":[{"href":"https:\/\/silviafernandez.com\/it\/wp-json\/wp\/v2\/product"}],"about":[{"href":"https:\/\/silviafernandez.com\/it\/wp-json\/wp\/v2\/types\/product"}],"wp:featuredmedia":[{"embeddable":true,"href":"https:\/\/silviafernandez.com\/it\/wp-json\/wp\/v2\/media\/39764"}],"wp:attachment":[{"href":"https:\/\/silviafernandez.com\/it\/wp-json\/wp\/v2\/media?parent=39744"}],"wp:term":[{"taxonomy":"product_brand","embeddable":true,"href":"https:\/\/silviafernandez.com\/it\/wp-json\/wp\/v2\/product_brand?post=39744"},{"taxonomy":"product_cat","embeddable":true,"href":"https:\/\/silviafernandez.com\/it\/wp-json\/wp\/v2\/product_cat?post=39744"},{"taxonomy":"product_tag","embeddable":true,"href":"https:\/\/silviafernandez.com\/it\/wp-json\/wp\/v2\/product_tag?post=39744"}],"curies":[{"name":"wp","href":"https:\/\/api.w.org\/{rel}","templated":true}]}}