{"id":39647,"date":"2025-12-03T11:30:44","date_gmt":"2025-12-03T10:30:44","guid":{"rendered":"https:\/\/silviafernandez.com\/?post_type=product&#038;p=39647"},"modified":"2025-12-03T12:23:42","modified_gmt":"2025-12-03T11:23:42","slug":"nilo","status":"publish","type":"product","link":"https:\/\/silviafernandez.com\/it\/vestidos-de-fiesta\/lazos-fiesta\/nilo\/","title":{"rendered":"NILO"},"content":{"rendered":"","protected":false},"excerpt":{"rendered":"<p>El vestido de invitada Nilo es sin\u00f3nimo de delicadeza y elegancia. Confeccionado en gasa, destaca por su cuerpo drapeado que estiliza el busto y realza la figura con suavidad. La aplicaci\u00f3n de pedrer\u00eda en la cintura a\u00f1ade un toque de brillo refinado, mientras que la falda de ca\u00edda fluida aporta movimiento y ligereza al conjunto. Un vestido de fiesta elegante con un aire rom\u00e1ntico y sofisticado. Su combinaci\u00f3n de gasa vaporosa y detalles artesanales lo convierte en una pieza inolvidable.<\/p>","protected":false},"featured_media":39666,"template":"","meta":[],"product_brand":[],"product_cat":[1586,139],"product_tag":[],"class_list":{"0":"post-39647","1":"product","2":"type-product","3":"status-publish","4":"has-post-thumbnail","6":"product_cat-lazos-fiesta","7":"product_cat-vestidos-de-fiesta","9":"first","10":"instock","11":"taxable","12":"shipping-taxable","13":"purchasable","14":"product-type-variable"},"_links":{"self":[{"href":"https:\/\/silviafernandez.com\/it\/wp-json\/wp\/v2\/product\/39647","targetHints":{"allow":["GET"]}}],"collection":[{"href":"https:\/\/silviafernandez.com\/it\/wp-json\/wp\/v2\/product"}],"about":[{"href":"https:\/\/silviafernandez.com\/it\/wp-json\/wp\/v2\/types\/product"}],"wp:featuredmedia":[{"embeddable":true,"href":"https:\/\/silviafernandez.com\/it\/wp-json\/wp\/v2\/media\/39666"}],"wp:attachment":[{"href":"https:\/\/silviafernandez.com\/it\/wp-json\/wp\/v2\/media?parent=39647"}],"wp:term":[{"taxonomy":"product_brand","embeddable":true,"href":"https:\/\/silviafernandez.com\/it\/wp-json\/wp\/v2\/product_brand?post=39647"},{"taxonomy":"product_cat","embeddable":true,"href":"https:\/\/silviafernandez.com\/it\/wp-json\/wp\/v2\/product_cat?post=39647"},{"taxonomy":"product_tag","embeddable":true,"href":"https:\/\/silviafernandez.com\/it\/wp-json\/wp\/v2\/product_tag?post=39647"}],"curies":[{"name":"wp","href":"https:\/\/api.w.org\/{rel}","templated":true}]}}