{"id":39450,"date":"2025-12-03T11:30:51","date_gmt":"2025-12-03T10:30:51","guid":{"rendered":"https:\/\/silviafernandez.com\/?post_type=product&#038;p=39450"},"modified":"2025-12-03T12:27:12","modified_gmt":"2025-12-03T11:27:12","slug":"nereida","status":"publish","type":"product","link":"https:\/\/silviafernandez.com\/it\/vestidos-de-fiesta\/lazos-fiesta\/nereida\/","title":{"rendered":"NEREIDA"},"content":{"rendered":"","protected":false},"excerpt":{"rendered":"<p>El conjunto de invitada Nereida es la definici\u00f3n de elegancia contempor\u00e1nea. Confeccionado en crepe, est\u00e1 compuesto por una casaca asim\u00e9trica de largo irregular que estiliza la silueta y un pantal\u00f3n recto a juego que aporta comodidad y sofisticaci\u00f3n. Los pu\u00f1os en sat\u00e9n a\u00f1aden un toque de brillo sutil, mientras que la flor decorativa en el hombro aporta volumen y feminidad. Ideal si lo que buscas es una alternativa elegante al vestido de fiesta, con una silueta moderna y un acabado impecable. Su equilibrio entre dise\u00f1o y sencillez lo convierte en una opci\u00f3n vers\u00e1til y distinguida.<\/p>","protected":false},"featured_media":39471,"template":"","meta":[],"product_brand":[],"product_cat":[1586,139],"product_tag":[],"class_list":{"0":"post-39450","1":"product","2":"type-product","3":"status-publish","4":"has-post-thumbnail","6":"product_cat-lazos-fiesta","7":"product_cat-vestidos-de-fiesta","9":"first","10":"instock","11":"taxable","12":"shipping-taxable","13":"purchasable","14":"product-type-variable"},"_links":{"self":[{"href":"https:\/\/silviafernandez.com\/it\/wp-json\/wp\/v2\/product\/39450","targetHints":{"allow":["GET"]}}],"collection":[{"href":"https:\/\/silviafernandez.com\/it\/wp-json\/wp\/v2\/product"}],"about":[{"href":"https:\/\/silviafernandez.com\/it\/wp-json\/wp\/v2\/types\/product"}],"wp:featuredmedia":[{"embeddable":true,"href":"https:\/\/silviafernandez.com\/it\/wp-json\/wp\/v2\/media\/39471"}],"wp:attachment":[{"href":"https:\/\/silviafernandez.com\/it\/wp-json\/wp\/v2\/media?parent=39450"}],"wp:term":[{"taxonomy":"product_brand","embeddable":true,"href":"https:\/\/silviafernandez.com\/it\/wp-json\/wp\/v2\/product_brand?post=39450"},{"taxonomy":"product_cat","embeddable":true,"href":"https:\/\/silviafernandez.com\/it\/wp-json\/wp\/v2\/product_cat?post=39450"},{"taxonomy":"product_tag","embeddable":true,"href":"https:\/\/silviafernandez.com\/it\/wp-json\/wp\/v2\/product_tag?post=39450"}],"curies":[{"name":"wp","href":"https:\/\/api.w.org\/{rel}","templated":true}]}}