{"id":37727,"date":"2025-12-03T11:45:34","date_gmt":"2025-12-03T10:45:34","guid":{"rendered":"https:\/\/silviafernandez.com\/?post_type=product&#038;p=37727"},"modified":"2025-12-03T12:11:24","modified_gmt":"2025-12-03T11:11:24","slug":"nabila","status":"publish","type":"product","link":"https:\/\/silviafernandez.com\/it\/vestidos-de-fiesta\/lazos-fiesta\/nabila\/","title":{"rendered":"NABILA"},"content":{"rendered":"","protected":false},"excerpt":{"rendered":"<p>Elegancia y sofisticaci\u00f3n se unen en el vestido Nabila, un vestido largo confeccionado en mikado, que destaca por su estructura impecable y sus llamativos pu\u00f1os globo. Su silueta estiliza la figura, convirti\u00e9ndolo en una opci\u00f3n perfecta para bodas, eventos o celebraciones especiales. Este modelo est\u00e1 pensado para mujeres que buscan un vestido de fiesta elegante y original, con tejidos de calidad y detalles \u00fanicos<\/p>","protected":false},"featured_media":37764,"template":"","meta":[],"product_brand":[],"product_cat":[1586,139],"product_tag":[],"class_list":{"0":"post-37727","1":"product","2":"type-product","3":"status-publish","4":"has-post-thumbnail","6":"product_cat-lazos-fiesta","7":"product_cat-vestidos-de-fiesta","9":"first","10":"instock","11":"taxable","12":"shipping-taxable","13":"purchasable","14":"product-type-variable"},"_links":{"self":[{"href":"https:\/\/silviafernandez.com\/it\/wp-json\/wp\/v2\/product\/37727","targetHints":{"allow":["GET"]}}],"collection":[{"href":"https:\/\/silviafernandez.com\/it\/wp-json\/wp\/v2\/product"}],"about":[{"href":"https:\/\/silviafernandez.com\/it\/wp-json\/wp\/v2\/types\/product"}],"wp:featuredmedia":[{"embeddable":true,"href":"https:\/\/silviafernandez.com\/it\/wp-json\/wp\/v2\/media\/37764"}],"wp:attachment":[{"href":"https:\/\/silviafernandez.com\/it\/wp-json\/wp\/v2\/media?parent=37727"}],"wp:term":[{"taxonomy":"product_brand","embeddable":true,"href":"https:\/\/silviafernandez.com\/it\/wp-json\/wp\/v2\/product_brand?post=37727"},{"taxonomy":"product_cat","embeddable":true,"href":"https:\/\/silviafernandez.com\/it\/wp-json\/wp\/v2\/product_cat?post=37727"},{"taxonomy":"product_tag","embeddable":true,"href":"https:\/\/silviafernandez.com\/it\/wp-json\/wp\/v2\/product_tag?post=37727"}],"curies":[{"name":"wp","href":"https:\/\/api.w.org\/{rel}","templated":true}]}}