{"id":36737,"date":"2025-09-01T12:00:28","date_gmt":"2025-09-01T10:00:28","guid":{"rendered":"https:\/\/silviafernandez.com\/sin%20categor\u00eda\/charlotte\/"},"modified":"2025-12-03T12:23:44","modified_gmt":"2025-12-03T11:23:44","slug":"charlotte","status":"publish","type":"product","link":"https:\/\/silviafernandez.com\/it\/vestidos-de-novia\/lazos\/charlotte\/","title":{"rendered":"Charlotte"},"content":{"rendered":"","protected":false},"excerpt":{"rendered":"<p>Vestido de novia confeccionado en crepe con escote bardot y delicadas ca\u00eddas de tul bordado con pedrer\u00eda. El dise\u00f1o se realza con un faj\u00edn bordado a juego con las mangas que define la cintura. Desde el escote de la espalda, una capa confeccionada en la misma pedrer\u00eda desciende con suavidad, aportando brillo.<\/p>","protected":false},"featured_media":36881,"template":"","meta":[],"product_brand":[],"product_cat":[1478,20],"product_tag":[1515],"class_list":{"0":"post-36737","1":"product","2":"type-product","3":"status-publish","4":"has-post-thumbnail","6":"product_cat-lazos","7":"product_cat-vestidos-de-novia","8":"product_tag-2025newdes","10":"first","11":"instock","12":"taxable","13":"shipping-taxable","14":"product-type-simple"},"_links":{"self":[{"href":"https:\/\/silviafernandez.com\/it\/wp-json\/wp\/v2\/product\/36737","targetHints":{"allow":["GET"]}}],"collection":[{"href":"https:\/\/silviafernandez.com\/it\/wp-json\/wp\/v2\/product"}],"about":[{"href":"https:\/\/silviafernandez.com\/it\/wp-json\/wp\/v2\/types\/product"}],"wp:featuredmedia":[{"embeddable":true,"href":"https:\/\/silviafernandez.com\/it\/wp-json\/wp\/v2\/media\/36881"}],"wp:attachment":[{"href":"https:\/\/silviafernandez.com\/it\/wp-json\/wp\/v2\/media?parent=36737"}],"wp:term":[{"taxonomy":"product_brand","embeddable":true,"href":"https:\/\/silviafernandez.com\/it\/wp-json\/wp\/v2\/product_brand?post=36737"},{"taxonomy":"product_cat","embeddable":true,"href":"https:\/\/silviafernandez.com\/it\/wp-json\/wp\/v2\/product_cat?post=36737"},{"taxonomy":"product_tag","embeddable":true,"href":"https:\/\/silviafernandez.com\/it\/wp-json\/wp\/v2\/product_tag?post=36737"}],"curies":[{"name":"wp","href":"https:\/\/api.w.org\/{rel}","templated":true}]}}