{"id":36708,"date":"2025-09-01T12:00:23","date_gmt":"2025-09-01T10:00:23","guid":{"rendered":"https:\/\/silviafernandez.com\/sin%20categor\u00eda\/cantabria\/"},"modified":"2025-12-03T12:23:46","modified_gmt":"2025-12-03T11:23:46","slug":"cantabria","status":"publish","type":"product","link":"https:\/\/silviafernandez.com\/it\/vestidos-de-novia\/lazos\/cantabria\/","title":{"rendered":"Cantabria"},"content":{"rendered":"","protected":false},"excerpt":{"rendered":"<p>Vestido de novia que incluye dos looks en uno, su interior confeccionado en crepe con escote en V y tirantes, acompa\u00f1ado de una funda de gasa, con cuerpo drapeado y mangas abullonadas que terminan en pu\u00f1os bordados. La cintura entallada se realza con un delicado tul bordado. La ca\u00edda fluida de la falda aporta movimiento. Esta pieza desmontable permite transformar el look seg\u00fan el momento, ofreciendo versatilidad.<\/p>","protected":false},"featured_media":36828,"template":"","meta":[],"product_brand":[],"product_cat":[1478,20],"product_tag":[1515],"class_list":{"0":"post-36708","1":"product","2":"type-product","3":"status-publish","4":"has-post-thumbnail","6":"product_cat-lazos","7":"product_cat-vestidos-de-novia","8":"product_tag-2025newdes","10":"first","11":"instock","12":"taxable","13":"shipping-taxable","14":"product-type-simple"},"_links":{"self":[{"href":"https:\/\/silviafernandez.com\/it\/wp-json\/wp\/v2\/product\/36708","targetHints":{"allow":["GET"]}}],"collection":[{"href":"https:\/\/silviafernandez.com\/it\/wp-json\/wp\/v2\/product"}],"about":[{"href":"https:\/\/silviafernandez.com\/it\/wp-json\/wp\/v2\/types\/product"}],"wp:featuredmedia":[{"embeddable":true,"href":"https:\/\/silviafernandez.com\/it\/wp-json\/wp\/v2\/media\/36828"}],"wp:attachment":[{"href":"https:\/\/silviafernandez.com\/it\/wp-json\/wp\/v2\/media?parent=36708"}],"wp:term":[{"taxonomy":"product_brand","embeddable":true,"href":"https:\/\/silviafernandez.com\/it\/wp-json\/wp\/v2\/product_brand?post=36708"},{"taxonomy":"product_cat","embeddable":true,"href":"https:\/\/silviafernandez.com\/it\/wp-json\/wp\/v2\/product_cat?post=36708"},{"taxonomy":"product_tag","embeddable":true,"href":"https:\/\/silviafernandez.com\/it\/wp-json\/wp\/v2\/product_tag?post=36708"}],"curies":[{"name":"wp","href":"https:\/\/api.w.org\/{rel}","templated":true}]}}