{"id":36705,"date":"2025-09-01T12:00:22","date_gmt":"2025-09-01T10:00:22","guid":{"rendered":"https:\/\/silviafernandez.com\/sin%20categor\u00eda\/canela\/"},"modified":"2025-12-03T12:23:47","modified_gmt":"2025-12-03T11:23:47","slug":"canela","status":"publish","type":"product","link":"https:\/\/silviafernandez.com\/it\/vestidos-de-novia\/lazos\/canela\/","title":{"rendered":"Canela"},"content":{"rendered":"","protected":false},"excerpt":{"rendered":"<p>Vestido de novia confeccionado en crepe fino con escote en V pronunciado y falda con abertura frontal que aporta sensualidad. Las mangas abullonadas francesas, rematadas con delicadas ondas de guipur en los pu\u00f1os, aportan un aire rom\u00e1ntico. La espalda con escote rombo a\u00f1ade un toque elegante y distintivo al dise\u00f1o.<\/p>","protected":false},"featured_media":36824,"template":"","meta":[],"product_brand":[],"product_cat":[1478,20],"product_tag":[1515],"class_list":{"0":"post-36705","1":"product","2":"type-product","3":"status-publish","4":"has-post-thumbnail","6":"product_cat-lazos","7":"product_cat-vestidos-de-novia","8":"product_tag-2025newdes","10":"first","11":"instock","12":"taxable","13":"shipping-taxable","14":"product-type-simple"},"_links":{"self":[{"href":"https:\/\/silviafernandez.com\/it\/wp-json\/wp\/v2\/product\/36705","targetHints":{"allow":["GET"]}}],"collection":[{"href":"https:\/\/silviafernandez.com\/it\/wp-json\/wp\/v2\/product"}],"about":[{"href":"https:\/\/silviafernandez.com\/it\/wp-json\/wp\/v2\/types\/product"}],"wp:featuredmedia":[{"embeddable":true,"href":"https:\/\/silviafernandez.com\/it\/wp-json\/wp\/v2\/media\/36824"}],"wp:attachment":[{"href":"https:\/\/silviafernandez.com\/it\/wp-json\/wp\/v2\/media?parent=36705"}],"wp:term":[{"taxonomy":"product_brand","embeddable":true,"href":"https:\/\/silviafernandez.com\/it\/wp-json\/wp\/v2\/product_brand?post=36705"},{"taxonomy":"product_cat","embeddable":true,"href":"https:\/\/silviafernandez.com\/it\/wp-json\/wp\/v2\/product_cat?post=36705"},{"taxonomy":"product_tag","embeddable":true,"href":"https:\/\/silviafernandez.com\/it\/wp-json\/wp\/v2\/product_tag?post=36705"}],"curies":[{"name":"wp","href":"https:\/\/api.w.org\/{rel}","templated":true}]}}