{"id":36699,"date":"2025-09-01T12:00:22","date_gmt":"2025-09-01T10:00:22","guid":{"rendered":"https:\/\/silviafernandez.com\/sin%20categor\u00eda\/conil\/"},"modified":"2025-12-03T12:23:47","modified_gmt":"2025-12-03T11:23:47","slug":"conil","status":"publish","type":"product","link":"https:\/\/silviafernandez.com\/it\/vestidos-de-novia\/lazos\/conil\/","title":{"rendered":"Conil"},"content":{"rendered":"","protected":false},"excerpt":{"rendered":"<p>Vestido de novia confeccionado en crepe fino, con escote V y falda capeada. Realza la cintura mediante un delicado vaciado de guipour, el mismo que decora las mangas. La espalda, abierta en forma de l\u00e1grima desvela sutilmente la piel y aporta modernidad. El dise\u00f1o se completa con una capa de gasa vaporosa, que nace desde los hombros y se funde en la cola. El toque m\u00e1s sofisticado, se a\u00f1ade en el centro de la capa con unos delicados acabados en guipour.<\/p>","protected":false},"featured_media":36955,"template":"","meta":[],"product_brand":[],"product_cat":[1478,20],"product_tag":[1515],"class_list":{"0":"post-36699","1":"product","2":"type-product","3":"status-publish","4":"has-post-thumbnail","6":"product_cat-lazos","7":"product_cat-vestidos-de-novia","8":"product_tag-2025newdes","10":"first","11":"instock","12":"taxable","13":"shipping-taxable","14":"product-type-simple"},"_links":{"self":[{"href":"https:\/\/silviafernandez.com\/it\/wp-json\/wp\/v2\/product\/36699","targetHints":{"allow":["GET"]}}],"collection":[{"href":"https:\/\/silviafernandez.com\/it\/wp-json\/wp\/v2\/product"}],"about":[{"href":"https:\/\/silviafernandez.com\/it\/wp-json\/wp\/v2\/types\/product"}],"wp:featuredmedia":[{"embeddable":true,"href":"https:\/\/silviafernandez.com\/it\/wp-json\/wp\/v2\/media\/36955"}],"wp:attachment":[{"href":"https:\/\/silviafernandez.com\/it\/wp-json\/wp\/v2\/media?parent=36699"}],"wp:term":[{"taxonomy":"product_brand","embeddable":true,"href":"https:\/\/silviafernandez.com\/it\/wp-json\/wp\/v2\/product_brand?post=36699"},{"taxonomy":"product_cat","embeddable":true,"href":"https:\/\/silviafernandez.com\/it\/wp-json\/wp\/v2\/product_cat?post=36699"},{"taxonomy":"product_tag","embeddable":true,"href":"https:\/\/silviafernandez.com\/it\/wp-json\/wp\/v2\/product_tag?post=36699"}],"curies":[{"name":"wp","href":"https:\/\/api.w.org\/{rel}","templated":true}]}}