{"id":36686,"date":"2025-09-01T12:00:21","date_gmt":"2025-09-01T10:00:21","guid":{"rendered":"https:\/\/silviafernandez.com\/sin%20categor\u00eda\/caldea\/"},"modified":"2025-12-03T12:23:48","modified_gmt":"2025-12-03T11:23:48","slug":"caldea","status":"publish","type":"product","link":"https:\/\/silviafernandez.com\/it\/vestidos-de-novia\/lazos\/caldea\/","title":{"rendered":"Caldea"},"content":{"rendered":"","protected":false},"excerpt":{"rendered":"<p>Vestido de novia en crepe con manga larga, realzado con delicados apliques joya en los hombros. Presenta un detalle bordado en pedrer\u00eda que dibuja la silueta aportando sofisticaci\u00f3n. Se completa con una majestuosa capa de gasa que fluye desde los hombros y a\u00f1ade movimiento.<\/p>","protected":false},"featured_media":36784,"template":"","meta":[],"product_brand":[],"product_cat":[1478,20],"product_tag":[1515],"class_list":{"0":"post-36686","1":"product","2":"type-product","3":"status-publish","4":"has-post-thumbnail","6":"product_cat-lazos","7":"product_cat-vestidos-de-novia","8":"product_tag-2025newdes","10":"first","11":"instock","12":"taxable","13":"shipping-taxable","14":"product-type-simple"},"_links":{"self":[{"href":"https:\/\/silviafernandez.com\/it\/wp-json\/wp\/v2\/product\/36686","targetHints":{"allow":["GET"]}}],"collection":[{"href":"https:\/\/silviafernandez.com\/it\/wp-json\/wp\/v2\/product"}],"about":[{"href":"https:\/\/silviafernandez.com\/it\/wp-json\/wp\/v2\/types\/product"}],"wp:featuredmedia":[{"embeddable":true,"href":"https:\/\/silviafernandez.com\/it\/wp-json\/wp\/v2\/media\/36784"}],"wp:attachment":[{"href":"https:\/\/silviafernandez.com\/it\/wp-json\/wp\/v2\/media?parent=36686"}],"wp:term":[{"taxonomy":"product_brand","embeddable":true,"href":"https:\/\/silviafernandez.com\/it\/wp-json\/wp\/v2\/product_brand?post=36686"},{"taxonomy":"product_cat","embeddable":true,"href":"https:\/\/silviafernandez.com\/it\/wp-json\/wp\/v2\/product_cat?post=36686"},{"taxonomy":"product_tag","embeddable":true,"href":"https:\/\/silviafernandez.com\/it\/wp-json\/wp\/v2\/product_tag?post=36686"}],"curies":[{"name":"wp","href":"https:\/\/api.w.org\/{rel}","templated":true}]}}