{"id":34822,"date":"2025-02-06T08:45:56","date_gmt":"2025-02-06T07:45:56","guid":{"rendered":"https:\/\/silviafernandez.com\/sin%20categor\u00eda\/sabela\/"},"modified":"2025-12-03T12:23:52","modified_gmt":"2025-12-03T11:23:52","slug":"sabela","status":"publish","type":"product","link":"https:\/\/silviafernandez.com\/it\/camelia\/sabela\/","title":{"rendered":"SABELA"},"content":{"rendered":"","protected":false},"excerpt":{"rendered":"<p>Vestido largo y ce\u00f1ido en crepe con abertura lateral en la parte delantera. Destaca por un cut-out en el escote que a\u00f1ade un toque moderno. Las mangas francesas combinan con la lazada blanca de la cintura dando lugar a un dise\u00f1o elegante y sofisticado.<\/p>","protected":false},"featured_media":35044,"template":"","meta":[],"product_brand":[],"product_cat":[810],"product_tag":[],"class_list":{"0":"post-34822","1":"product","2":"type-product","3":"status-publish","4":"has-post-thumbnail","6":"product_cat-camelia","8":"first","9":"instock","10":"taxable","11":"shipping-taxable","12":"purchasable","13":"product-type-variable"},"_links":{"self":[{"href":"https:\/\/silviafernandez.com\/it\/wp-json\/wp\/v2\/product\/34822","targetHints":{"allow":["GET"]}}],"collection":[{"href":"https:\/\/silviafernandez.com\/it\/wp-json\/wp\/v2\/product"}],"about":[{"href":"https:\/\/silviafernandez.com\/it\/wp-json\/wp\/v2\/types\/product"}],"wp:featuredmedia":[{"embeddable":true,"href":"https:\/\/silviafernandez.com\/it\/wp-json\/wp\/v2\/media\/35044"}],"wp:attachment":[{"href":"https:\/\/silviafernandez.com\/it\/wp-json\/wp\/v2\/media?parent=34822"}],"wp:term":[{"taxonomy":"product_brand","embeddable":true,"href":"https:\/\/silviafernandez.com\/it\/wp-json\/wp\/v2\/product_brand?post=34822"},{"taxonomy":"product_cat","embeddable":true,"href":"https:\/\/silviafernandez.com\/it\/wp-json\/wp\/v2\/product_cat?post=34822"},{"taxonomy":"product_tag","embeddable":true,"href":"https:\/\/silviafernandez.com\/it\/wp-json\/wp\/v2\/product_tag?post=34822"}],"curies":[{"name":"wp","href":"https:\/\/api.w.org\/{rel}","templated":true}]}}