{"id":34820,"date":"2025-02-06T08:45:54","date_gmt":"2025-02-06T07:45:54","guid":{"rendered":"https:\/\/silviafernandez.com\/sin%20categor\u00eda\/noela\/"},"modified":"2025-12-03T12:23:52","modified_gmt":"2025-12-03T11:23:52","slug":"noela","status":"publish","type":"product","link":"https:\/\/silviafernandez.com\/it\/camelia\/noela\/","title":{"rendered":"NOELA"},"content":{"rendered":"","protected":false},"excerpt":{"rendered":"<p>Vestido midi de crepe con una delicada abertura lateral, combinado con lazos de tafeta que a\u00f1aden sofisticaci\u00f3n. El escote bardot, est\u00e1 adornado con lazos en el hombro los cuales realzan la elegancia y feminidad del dise\u00f1o.<\/p>","protected":false},"featured_media":35100,"template":"","meta":[],"product_brand":[],"product_cat":[810],"product_tag":[],"class_list":{"0":"post-34820","1":"product","2":"type-product","3":"status-publish","4":"has-post-thumbnail","6":"product_cat-camelia","8":"first","9":"instock","10":"taxable","11":"shipping-taxable","12":"purchasable","13":"product-type-variable"},"_links":{"self":[{"href":"https:\/\/silviafernandez.com\/it\/wp-json\/wp\/v2\/product\/34820","targetHints":{"allow":["GET"]}}],"collection":[{"href":"https:\/\/silviafernandez.com\/it\/wp-json\/wp\/v2\/product"}],"about":[{"href":"https:\/\/silviafernandez.com\/it\/wp-json\/wp\/v2\/types\/product"}],"wp:featuredmedia":[{"embeddable":true,"href":"https:\/\/silviafernandez.com\/it\/wp-json\/wp\/v2\/media\/35100"}],"wp:attachment":[{"href":"https:\/\/silviafernandez.com\/it\/wp-json\/wp\/v2\/media?parent=34820"}],"wp:term":[{"taxonomy":"product_brand","embeddable":true,"href":"https:\/\/silviafernandez.com\/it\/wp-json\/wp\/v2\/product_brand?post=34820"},{"taxonomy":"product_cat","embeddable":true,"href":"https:\/\/silviafernandez.com\/it\/wp-json\/wp\/v2\/product_cat?post=34820"},{"taxonomy":"product_tag","embeddable":true,"href":"https:\/\/silviafernandez.com\/it\/wp-json\/wp\/v2\/product_tag?post=34820"}],"curies":[{"name":"wp","href":"https:\/\/api.w.org\/{rel}","templated":true}]}}