{"id":31423,"date":"2024-12-10T12:00:50","date_gmt":"2024-12-10T11:00:50","guid":{"rendered":"https:\/\/silviafernandez.com\/?post_type=product&#038;p=31423"},"modified":"2025-12-03T12:52:39","modified_gmt":"2025-12-03T11:52:39","slug":"burbuja","status":"publish","type":"product","link":"https:\/\/silviafernandez.com\/it\/vestidos-de-fiesta\/musas-fiesta\/burbuja\/","title":{"rendered":"BURBUJA"},"content":{"rendered":"","protected":false},"excerpt":{"rendered":"<p>Vestido largo en gasa con cuerpo drapeado, la opci\u00f3n perfecta para quienes buscan ligereza, sofisticaci\u00f3n y estilo. El drapeado a\u00f1ade textura y se ajusta perfectamente a la silueta aportando un aire sofisticado.<\/p>\n<div dir=\"ltr\">\n<div>\n<p>El escote delantero y trasero en forma de V caracterizan el vestido creando una armon\u00eda en el centro donde se cruza el drapeado que iniciaba delicadamente en los hombros. Confeccionado en gasa, este dise\u00f1o se mueve con fluidez, adapt\u00e1ndose a cada paso y haciendo de este vestido una prenda vers\u00e1til y favorecedora para cualquier ocasi\u00f3n especial.<\/p>\n<\/div>\n<\/div>","protected":false},"featured_media":31681,"template":"","meta":[],"product_brand":[],"product_cat":[1633,139],"product_tag":[],"class_list":{"0":"post-31423","1":"product","2":"type-product","3":"status-publish","4":"has-post-thumbnail","6":"product_cat-musas-fiesta","7":"product_cat-vestidos-de-fiesta","9":"first","10":"instock","11":"taxable","12":"shipping-taxable","13":"purchasable","14":"product-type-variable"},"_links":{"self":[{"href":"https:\/\/silviafernandez.com\/it\/wp-json\/wp\/v2\/product\/31423","targetHints":{"allow":["GET"]}}],"collection":[{"href":"https:\/\/silviafernandez.com\/it\/wp-json\/wp\/v2\/product"}],"about":[{"href":"https:\/\/silviafernandez.com\/it\/wp-json\/wp\/v2\/types\/product"}],"wp:featuredmedia":[{"embeddable":true,"href":"https:\/\/silviafernandez.com\/it\/wp-json\/wp\/v2\/media\/31681"}],"wp:attachment":[{"href":"https:\/\/silviafernandez.com\/it\/wp-json\/wp\/v2\/media?parent=31423"}],"wp:term":[{"taxonomy":"product_brand","embeddable":true,"href":"https:\/\/silviafernandez.com\/it\/wp-json\/wp\/v2\/product_brand?post=31423"},{"taxonomy":"product_cat","embeddable":true,"href":"https:\/\/silviafernandez.com\/it\/wp-json\/wp\/v2\/product_cat?post=31423"},{"taxonomy":"product_tag","embeddable":true,"href":"https:\/\/silviafernandez.com\/it\/wp-json\/wp\/v2\/product_tag?post=31423"}],"curies":[{"name":"wp","href":"https:\/\/api.w.org\/{rel}","templated":true}]}}