{"id":31419,"date":"2024-12-10T12:00:49","date_gmt":"2024-12-10T11:00:49","guid":{"rendered":"https:\/\/silviafernandez.com\/?post_type=product&#038;p=31419"},"modified":"2025-12-03T12:23:54","modified_gmt":"2025-12-03T11:23:54","slug":"brillo","status":"publish","type":"product","link":"https:\/\/silviafernandez.com\/it\/vestidos-de-fiesta\/brillo\/","title":{"rendered":"BRILLO"},"content":{"rendered":"","protected":false},"excerpt":{"rendered":"<p>Vestido largo en crepe, sin\u00f3nimo de elegancia y estilo. Su dise\u00f1o minimalista se complementa con detalles \u00fanicos, como la aplicaci\u00f3n floral de muar\u00e9 en la cintura que aporta un toque distintivo.<\/p>\n<div dir=\"ltr\">\n<div>\n<p>El escote delantero en V proyecta sofisticaci\u00f3n al dejar el cuello ligeramente descubierto, ideal para combinar con accesorios. En la parte posterior, contin\u00faa el escote en V garantizando que el dise\u00f1o sea favorecedor desde todos los \u00e1ngulos. Las mangas francesas con delicadas hombreras proporcionan un aire cl\u00e1sico con un acabado perfecto en forma de bot\u00f3n joya. Un imprescindible para celebraciones especiales.<\/p>\n<\/div>\n<\/div>","protected":false},"featured_media":31771,"template":"","meta":[],"product_brand":[],"product_cat":[139],"product_tag":[],"class_list":{"0":"post-31419","1":"product","2":"type-product","3":"status-publish","4":"has-post-thumbnail","6":"product_cat-vestidos-de-fiesta","8":"first","9":"instock","10":"taxable","11":"shipping-taxable","12":"purchasable","13":"product-type-variable"},"_links":{"self":[{"href":"https:\/\/silviafernandez.com\/it\/wp-json\/wp\/v2\/product\/31419","targetHints":{"allow":["GET"]}}],"collection":[{"href":"https:\/\/silviafernandez.com\/it\/wp-json\/wp\/v2\/product"}],"about":[{"href":"https:\/\/silviafernandez.com\/it\/wp-json\/wp\/v2\/types\/product"}],"wp:featuredmedia":[{"embeddable":true,"href":"https:\/\/silviafernandez.com\/it\/wp-json\/wp\/v2\/media\/31771"}],"wp:attachment":[{"href":"https:\/\/silviafernandez.com\/it\/wp-json\/wp\/v2\/media?parent=31419"}],"wp:term":[{"taxonomy":"product_brand","embeddable":true,"href":"https:\/\/silviafernandez.com\/it\/wp-json\/wp\/v2\/product_brand?post=31419"},{"taxonomy":"product_cat","embeddable":true,"href":"https:\/\/silviafernandez.com\/it\/wp-json\/wp\/v2\/product_cat?post=31419"},{"taxonomy":"product_tag","embeddable":true,"href":"https:\/\/silviafernandez.com\/it\/wp-json\/wp\/v2\/product_tag?post=31419"}],"curies":[{"name":"wp","href":"https:\/\/api.w.org\/{rel}","templated":true}]}}