{"id":31417,"date":"2024-12-10T12:00:48","date_gmt":"2024-12-10T11:00:48","guid":{"rendered":"https:\/\/silviafernandez.com\/?post_type=product&#038;p=31417"},"modified":"2025-12-03T12:52:40","modified_gmt":"2025-12-03T11:52:40","slug":"brenda","status":"publish","type":"product","link":"https:\/\/silviafernandez.com\/it\/vestidos-de-fiesta\/musas-fiesta\/brenda\/","title":{"rendered":"BRENDA"},"content":{"rendered":"","protected":false},"excerpt":{"rendered":"<p>Mini vestido de paillette con drapeado de tafeta, la definici\u00f3n de glamour y audacia en un solo dise\u00f1o que te har\u00e1 brillar. De silueta ajustada, incluye el tejido paillette que capta la luz desde todos los \u00e1ngulos.<\/p>\n<div dir=\"ltr\">\n<div>\n<p>El dise\u00f1o delantero es cerrado y elegante, proyectando sofisticaci\u00f3n, mientras que el escote trasero, por su parte, descubre delicadamente la espalda en forma de l\u00e1grima a\u00f1adiendo sensualidad sin perder clase.<\/p>\n<div dir=\"ltr\">\n<div>\n<p>El detalle protagonista es el maxi lazo en la falda, elaborado en tafeta fucsia que aporta volumen y un toque de extravagancia, ideal para eventos en los que deseas destacar.<\/p>\n<\/div>\n<\/div>\n<\/div>\n<\/div>","protected":false},"featured_media":31836,"template":"","meta":[],"product_brand":[],"product_cat":[1633,139],"product_tag":[],"class_list":{"0":"post-31417","1":"product","2":"type-product","3":"status-publish","4":"has-post-thumbnail","6":"product_cat-musas-fiesta","7":"product_cat-vestidos-de-fiesta","9":"first","10":"instock","11":"taxable","12":"shipping-taxable","13":"purchasable","14":"product-type-variable"},"_links":{"self":[{"href":"https:\/\/silviafernandez.com\/it\/wp-json\/wp\/v2\/product\/31417","targetHints":{"allow":["GET"]}}],"collection":[{"href":"https:\/\/silviafernandez.com\/it\/wp-json\/wp\/v2\/product"}],"about":[{"href":"https:\/\/silviafernandez.com\/it\/wp-json\/wp\/v2\/types\/product"}],"wp:featuredmedia":[{"embeddable":true,"href":"https:\/\/silviafernandez.com\/it\/wp-json\/wp\/v2\/media\/31836"}],"wp:attachment":[{"href":"https:\/\/silviafernandez.com\/it\/wp-json\/wp\/v2\/media?parent=31417"}],"wp:term":[{"taxonomy":"product_brand","embeddable":true,"href":"https:\/\/silviafernandez.com\/it\/wp-json\/wp\/v2\/product_brand?post=31417"},{"taxonomy":"product_cat","embeddable":true,"href":"https:\/\/silviafernandez.com\/it\/wp-json\/wp\/v2\/product_cat?post=31417"},{"taxonomy":"product_tag","embeddable":true,"href":"https:\/\/silviafernandez.com\/it\/wp-json\/wp\/v2\/product_tag?post=31417"}],"curies":[{"name":"wp","href":"https:\/\/api.w.org\/{rel}","templated":true}]}}