{"id":31409,"date":"2024-12-10T12:00:42","date_gmt":"2024-12-10T11:00:42","guid":{"rendered":"https:\/\/silviafernandez.com\/?post_type=product&#038;p=31409"},"modified":"2025-12-03T12:52:42","modified_gmt":"2025-12-03T11:52:42","slug":"bombai","status":"publish","type":"product","link":"https:\/\/silviafernandez.com\/it\/vestidos-de-fiesta\/musas-fiesta\/bombai\/","title":{"rendered":"BOMBAI"},"content":{"rendered":"","protected":false},"excerpt":{"rendered":"<p>Mini vestido de tweed multicolor es la combinaci\u00f3n perfecta entre elegancia cl\u00e1sica y modernidad. El escote delantero redondo aporta un aire sofisticado, mientras que, su corte trasero cerrado garantiza comodidad y un acabado elegante.<\/p>\n<div dir=\"ltr\">\n<div>\n<p>Los detalles de botones joya en la parte frontal a\u00f1aden un toque de lujo al dise\u00f1o, haciendo de este vestido una pieza \u00fanica. Sus mangas francesas con ligeras hombreras aportan estructura y los bolsillos decorativos enfatizan la atenci\u00f3n al detalle.<\/p>\n<\/div>\n<\/div>","protected":false},"featured_media":31977,"template":"","meta":[],"product_brand":[],"product_cat":[1633,139],"product_tag":[],"class_list":{"0":"post-31409","1":"product","2":"type-product","3":"status-publish","4":"has-post-thumbnail","6":"product_cat-musas-fiesta","7":"product_cat-vestidos-de-fiesta","9":"first","10":"instock","11":"taxable","12":"shipping-taxable","13":"purchasable","14":"product-type-variable"},"_links":{"self":[{"href":"https:\/\/silviafernandez.com\/it\/wp-json\/wp\/v2\/product\/31409","targetHints":{"allow":["GET"]}}],"collection":[{"href":"https:\/\/silviafernandez.com\/it\/wp-json\/wp\/v2\/product"}],"about":[{"href":"https:\/\/silviafernandez.com\/it\/wp-json\/wp\/v2\/types\/product"}],"wp:featuredmedia":[{"embeddable":true,"href":"https:\/\/silviafernandez.com\/it\/wp-json\/wp\/v2\/media\/31977"}],"wp:attachment":[{"href":"https:\/\/silviafernandez.com\/it\/wp-json\/wp\/v2\/media?parent=31409"}],"wp:term":[{"taxonomy":"product_brand","embeddable":true,"href":"https:\/\/silviafernandez.com\/it\/wp-json\/wp\/v2\/product_brand?post=31409"},{"taxonomy":"product_cat","embeddable":true,"href":"https:\/\/silviafernandez.com\/it\/wp-json\/wp\/v2\/product_cat?post=31409"},{"taxonomy":"product_tag","embeddable":true,"href":"https:\/\/silviafernandez.com\/it\/wp-json\/wp\/v2\/product_tag?post=31409"}],"curies":[{"name":"wp","href":"https:\/\/api.w.org\/{rel}","templated":true}]}}