{"id":31391,"date":"2024-12-10T12:00:36","date_gmt":"2024-12-10T11:00:36","guid":{"rendered":"https:\/\/silviafernandez.com\/?post_type=product&#038;p=31391"},"modified":"2025-12-03T12:56:12","modified_gmt":"2025-12-03T11:56:12","slug":"belen","status":"publish","type":"product","link":"https:\/\/silviafernandez.com\/it\/vestidos-de-fiesta\/musas-fiesta\/belen\/","title":{"rendered":"BELEN"},"content":{"rendered":"","protected":false},"excerpt":{"rendered":"<p>Vestido midi en crepe satinado, es la definici\u00f3n de estilo moderno, con detalles que te har\u00e1n sentir \u00fanica en cada ocasi\u00f3n. Su dise\u00f1o destaca por sus mangas abullonadas y el aplique floral voluminoso en el hombro.<\/p>\n<div dir=\"ltr\">\n<div>\n<p>La cintura ce\u00f1ida estiliza la silueta y la espalda con escote en V a\u00f1ade un acabado elegante. La abertura trasera en la falda midi garantiza comodidad en cada paso. Este vestido es una elecci\u00f3n vers\u00e1til que no pasar\u00e1 desapercibida.<\/p>\n<\/div>\n<\/div>","protected":false},"featured_media":32425,"template":"","meta":[],"product_brand":[],"product_cat":[1633,139],"product_tag":[],"class_list":{"0":"post-31391","1":"product","2":"type-product","3":"status-publish","4":"has-post-thumbnail","6":"product_cat-musas-fiesta","7":"product_cat-vestidos-de-fiesta","9":"first","10":"instock","11":"taxable","12":"shipping-taxable","13":"purchasable","14":"product-type-variable"},"_links":{"self":[{"href":"https:\/\/silviafernandez.com\/it\/wp-json\/wp\/v2\/product\/31391","targetHints":{"allow":["GET"]}}],"collection":[{"href":"https:\/\/silviafernandez.com\/it\/wp-json\/wp\/v2\/product"}],"about":[{"href":"https:\/\/silviafernandez.com\/it\/wp-json\/wp\/v2\/types\/product"}],"wp:featuredmedia":[{"embeddable":true,"href":"https:\/\/silviafernandez.com\/it\/wp-json\/wp\/v2\/media\/32425"}],"wp:attachment":[{"href":"https:\/\/silviafernandez.com\/it\/wp-json\/wp\/v2\/media?parent=31391"}],"wp:term":[{"taxonomy":"product_brand","embeddable":true,"href":"https:\/\/silviafernandez.com\/it\/wp-json\/wp\/v2\/product_brand?post=31391"},{"taxonomy":"product_cat","embeddable":true,"href":"https:\/\/silviafernandez.com\/it\/wp-json\/wp\/v2\/product_cat?post=31391"},{"taxonomy":"product_tag","embeddable":true,"href":"https:\/\/silviafernandez.com\/it\/wp-json\/wp\/v2\/product_tag?post=31391"}],"curies":[{"name":"wp","href":"https:\/\/api.w.org\/{rel}","templated":true}]}}