{"id":31383,"date":"2024-12-10T12:00:32","date_gmt":"2024-12-10T11:00:32","guid":{"rendered":"https:\/\/silviafernandez.com\/?post_type=product&#038;p=31383"},"modified":"2025-12-03T12:56:14","modified_gmt":"2025-12-03T11:56:14","slug":"babel","status":"publish","type":"product","link":"https:\/\/silviafernandez.com\/it\/vestidos-de-fiesta\/musas-fiesta\/babel\/","title":{"rendered":"BABEL"},"content":{"rendered":"","protected":false},"excerpt":{"rendered":"<p>Vestido de fiesta de dos piezas compuesto por cuerpo entallado en crepe que resalta la silueta, escote redondo y mangas francesas que aportan un aire refinado. La estructura peplum en la cintura, estiliza la silueta dando glamour en cada detalle.<\/p>\n<div dir=\"ltr\">\n<div>\n<p>La falda midi est\u00e1 confeccionada con una base de pedrer\u00eda bordada que crea un efecto de brillo sutil pero llamativo. El corte est\u00e1 complementado con un acabado en plumas en la parte inferior. Estos detalles aportan movimiento y plasman un dise\u00f1o con un equilibrio ideal entre modernidad y elegancia.<\/p>\n<\/div>\n<\/div>","protected":false},"featured_media":31474,"template":"","meta":[],"product_brand":[],"product_cat":[1633,139],"product_tag":[],"class_list":{"0":"post-31383","1":"product","2":"type-product","3":"status-publish","4":"has-post-thumbnail","6":"product_cat-musas-fiesta","7":"product_cat-vestidos-de-fiesta","9":"first","10":"instock","11":"taxable","12":"shipping-taxable","13":"purchasable","14":"product-type-variable"},"_links":{"self":[{"href":"https:\/\/silviafernandez.com\/it\/wp-json\/wp\/v2\/product\/31383","targetHints":{"allow":["GET"]}}],"collection":[{"href":"https:\/\/silviafernandez.com\/it\/wp-json\/wp\/v2\/product"}],"about":[{"href":"https:\/\/silviafernandez.com\/it\/wp-json\/wp\/v2\/types\/product"}],"wp:featuredmedia":[{"embeddable":true,"href":"https:\/\/silviafernandez.com\/it\/wp-json\/wp\/v2\/media\/31474"}],"wp:attachment":[{"href":"https:\/\/silviafernandez.com\/it\/wp-json\/wp\/v2\/media?parent=31383"}],"wp:term":[{"taxonomy":"product_brand","embeddable":true,"href":"https:\/\/silviafernandez.com\/it\/wp-json\/wp\/v2\/product_brand?post=31383"},{"taxonomy":"product_cat","embeddable":true,"href":"https:\/\/silviafernandez.com\/it\/wp-json\/wp\/v2\/product_cat?post=31383"},{"taxonomy":"product_tag","embeddable":true,"href":"https:\/\/silviafernandez.com\/it\/wp-json\/wp\/v2\/product_tag?post=31383"}],"curies":[{"name":"wp","href":"https:\/\/api.w.org\/{rel}","templated":true}]}}