{"id":30525,"date":"2024-09-14T10:00:08","date_gmt":"2024-09-14T08:00:08","guid":{"rendered":"https:\/\/silviafernandez.com\/?post_type=product&#038;p=30525"},"modified":"2025-12-03T12:23:57","modified_gmt":"2025-12-03T11:23:57","slug":"antillas","status":"publish","type":"product","link":"https:\/\/silviafernandez.com\/it\/vestidos-de-novia\/musas\/antillas\/","title":{"rendered":"Antillas"},"content":{"rendered":"","protected":false},"excerpt":{"rendered":"<p>Questo abito da sposa \u00e8 un vero gioiello di versatilit\u00e0 ed eleganza. Realizzato in cr\u00eape, ha un bolero staccabile e una spettacolare sopragonna in chantilly fustellato, che vi permette di trasformare il vostro look da sposa, ottenendo due cose in una.<\/p>","protected":false},"featured_media":30526,"template":"","meta":[],"product_brand":[],"product_cat":[866,20],"product_tag":[],"class_list":{"0":"post-30525","1":"product","2":"type-product","3":"status-publish","4":"has-post-thumbnail","6":"product_cat-musas","7":"product_cat-vestidos-de-novia","9":"first","10":"instock","11":"taxable","12":"shipping-taxable","13":"product-type-simple"},"_links":{"self":[{"href":"https:\/\/silviafernandez.com\/it\/wp-json\/wp\/v2\/product\/30525","targetHints":{"allow":["GET"]}}],"collection":[{"href":"https:\/\/silviafernandez.com\/it\/wp-json\/wp\/v2\/product"}],"about":[{"href":"https:\/\/silviafernandez.com\/it\/wp-json\/wp\/v2\/types\/product"}],"wp:featuredmedia":[{"embeddable":true,"href":"https:\/\/silviafernandez.com\/it\/wp-json\/wp\/v2\/media\/30526"}],"wp:attachment":[{"href":"https:\/\/silviafernandez.com\/it\/wp-json\/wp\/v2\/media?parent=30525"}],"wp:term":[{"taxonomy":"product_brand","embeddable":true,"href":"https:\/\/silviafernandez.com\/it\/wp-json\/wp\/v2\/product_brand?post=30525"},{"taxonomy":"product_cat","embeddable":true,"href":"https:\/\/silviafernandez.com\/it\/wp-json\/wp\/v2\/product_cat?post=30525"},{"taxonomy":"product_tag","embeddable":true,"href":"https:\/\/silviafernandez.com\/it\/wp-json\/wp\/v2\/product_tag?post=30525"}],"curies":[{"name":"wp","href":"https:\/\/api.w.org\/{rel}","templated":true}]}}