{"id":27343,"date":"2024-04-01T14:07:26","date_gmt":"2024-04-01T12:07:26","guid":{"rendered":"https:\/\/silviafernandez.com\/sin%20categor\u00eda\/arancha\/"},"modified":"2025-12-03T12:24:01","modified_gmt":"2025-12-03T11:24:01","slug":"arancha","status":"publish","type":"product","link":"https:\/\/silviafernandez.com\/it\/vestidos-de-novia\/musas\/arancha\/","title":{"rendered":"Arancha"},"content":{"rendered":"","protected":false},"excerpt":{"rendered":"<p>Abito da sposa in crepe con spalline impreziosite da strass e una squisita coda in chiffon. Questo abito incarna una bellezza senza tempo con un tocco di modernit\u00e0. Ma ci\u00f2 che distingue questo abito \u00e8 la sua splendida schiena, che occupa il centro della scena. La schiena, che si adatta come un guanto, mette in risalto la figura della sposa con una sensualit\u00e0 sottile e raffinata.<\/p>","protected":false},"featured_media":27558,"template":"","meta":[],"product_brand":[],"product_cat":[866,20],"product_tag":[],"class_list":{"0":"post-27343","1":"product","2":"type-product","3":"status-publish","4":"has-post-thumbnail","6":"product_cat-musas","7":"product_cat-vestidos-de-novia","9":"first","10":"instock","11":"taxable","12":"shipping-taxable","13":"product-type-simple"},"_links":{"self":[{"href":"https:\/\/silviafernandez.com\/it\/wp-json\/wp\/v2\/product\/27343","targetHints":{"allow":["GET"]}}],"collection":[{"href":"https:\/\/silviafernandez.com\/it\/wp-json\/wp\/v2\/product"}],"about":[{"href":"https:\/\/silviafernandez.com\/it\/wp-json\/wp\/v2\/types\/product"}],"wp:featuredmedia":[{"embeddable":true,"href":"https:\/\/silviafernandez.com\/it\/wp-json\/wp\/v2\/media\/27558"}],"wp:attachment":[{"href":"https:\/\/silviafernandez.com\/it\/wp-json\/wp\/v2\/media?parent=27343"}],"wp:term":[{"taxonomy":"product_brand","embeddable":true,"href":"https:\/\/silviafernandez.com\/it\/wp-json\/wp\/v2\/product_brand?post=27343"},{"taxonomy":"product_cat","embeddable":true,"href":"https:\/\/silviafernandez.com\/it\/wp-json\/wp\/v2\/product_cat?post=27343"},{"taxonomy":"product_tag","embeddable":true,"href":"https:\/\/silviafernandez.com\/it\/wp-json\/wp\/v2\/product_tag?post=27343"}],"curies":[{"name":"wp","href":"https:\/\/api.w.org\/{rel}","templated":true}]}}