{"id":27339,"date":"2024-04-01T14:07:14","date_gmt":"2024-04-01T12:07:14","guid":{"rendered":"https:\/\/silviafernandez.com\/sin%20categor\u00eda\/ania\/"},"modified":"2025-12-03T12:24:02","modified_gmt":"2025-12-03T11:24:02","slug":"ania","status":"publish","type":"product","link":"https:\/\/silviafernandez.com\/it\/vestidos-de-novia\/musas\/ania\/","title":{"rendered":"Ania"},"content":{"rendered":"","protected":false},"excerpt":{"rendered":"<p>Realizzato in morbido chiffon, \u00e8 una scelta perfetta per la sposa che vuole affascinare con il suo stile unico. Il delicato drappeggio sulla schiena, in vita e sui polsini aggiunge un tocco di eleganza e raffinatezza. Accattivare \u00e8 semplice quando la scelta \u00e8 giusta, e questo abito far\u00e0 girare la testa nel vostro giorno speciale.<\/p>","protected":false},"featured_media":27553,"template":"","meta":[],"product_brand":[],"product_cat":[866,20],"product_tag":[],"class_list":{"0":"post-27339","1":"product","2":"type-product","3":"status-publish","4":"has-post-thumbnail","6":"product_cat-musas","7":"product_cat-vestidos-de-novia","9":"first","10":"instock","11":"taxable","12":"shipping-taxable","13":"product-type-simple"},"_links":{"self":[{"href":"https:\/\/silviafernandez.com\/it\/wp-json\/wp\/v2\/product\/27339","targetHints":{"allow":["GET"]}}],"collection":[{"href":"https:\/\/silviafernandez.com\/it\/wp-json\/wp\/v2\/product"}],"about":[{"href":"https:\/\/silviafernandez.com\/it\/wp-json\/wp\/v2\/types\/product"}],"wp:featuredmedia":[{"embeddable":true,"href":"https:\/\/silviafernandez.com\/it\/wp-json\/wp\/v2\/media\/27553"}],"wp:attachment":[{"href":"https:\/\/silviafernandez.com\/it\/wp-json\/wp\/v2\/media?parent=27339"}],"wp:term":[{"taxonomy":"product_brand","embeddable":true,"href":"https:\/\/silviafernandez.com\/it\/wp-json\/wp\/v2\/product_brand?post=27339"},{"taxonomy":"product_cat","embeddable":true,"href":"https:\/\/silviafernandez.com\/it\/wp-json\/wp\/v2\/product_cat?post=27339"},{"taxonomy":"product_tag","embeddable":true,"href":"https:\/\/silviafernandez.com\/it\/wp-json\/wp\/v2\/product_tag?post=27339"}],"curies":[{"name":"wp","href":"https:\/\/api.w.org\/{rel}","templated":true}]}}