{"id":27338,"date":"2024-04-01T14:07:11","date_gmt":"2024-04-01T12:07:11","guid":{"rendered":"https:\/\/silviafernandez.com\/sin%20categor\u00eda\/andujar\/"},"modified":"2025-12-03T12:24:02","modified_gmt":"2025-12-03T11:24:02","slug":"andujar","status":"publish","type":"product","link":"https:\/\/silviafernandez.com\/it\/vestidos-de-novia\/musas\/andujar\/","title":{"rendered":"Andujar"},"content":{"rendered":"","protected":false},"excerpt":{"rendered":"<p>Abito da sposa in raso. Questo abito calza come un guanto, esaltando la figura della sposa con naturale eleganza.<br \/>\nCi\u00f2 che rende questo abito davvero speciale \u00e8 la sua splendida schiena, che ruba la scena con il suo design unico e sensuale. \u00c8 il perfetto equilibrio tra semplicit\u00e0 e seduzione.<\/p>","protected":false},"featured_media":27552,"template":"","meta":[],"product_brand":[],"product_cat":[866,20],"product_tag":[],"class_list":{"0":"post-27338","1":"product","2":"type-product","3":"status-publish","4":"has-post-thumbnail","6":"product_cat-musas","7":"product_cat-vestidos-de-novia","9":"first","10":"instock","11":"taxable","12":"shipping-taxable","13":"product-type-simple"},"_links":{"self":[{"href":"https:\/\/silviafernandez.com\/it\/wp-json\/wp\/v2\/product\/27338","targetHints":{"allow":["GET"]}}],"collection":[{"href":"https:\/\/silviafernandez.com\/it\/wp-json\/wp\/v2\/product"}],"about":[{"href":"https:\/\/silviafernandez.com\/it\/wp-json\/wp\/v2\/types\/product"}],"wp:featuredmedia":[{"embeddable":true,"href":"https:\/\/silviafernandez.com\/it\/wp-json\/wp\/v2\/media\/27552"}],"wp:attachment":[{"href":"https:\/\/silviafernandez.com\/it\/wp-json\/wp\/v2\/media?parent=27338"}],"wp:term":[{"taxonomy":"product_brand","embeddable":true,"href":"https:\/\/silviafernandez.com\/it\/wp-json\/wp\/v2\/product_brand?post=27338"},{"taxonomy":"product_cat","embeddable":true,"href":"https:\/\/silviafernandez.com\/it\/wp-json\/wp\/v2\/product_cat?post=27338"},{"taxonomy":"product_tag","embeddable":true,"href":"https:\/\/silviafernandez.com\/it\/wp-json\/wp\/v2\/product_tag?post=27338"}],"curies":[{"name":"wp","href":"https:\/\/api.w.org\/{rel}","templated":true}]}}