{"id":27337,"date":"2024-04-01T14:07:08","date_gmt":"2024-04-01T12:07:08","guid":{"rendered":"https:\/\/silviafernandez.com\/sin%20categor\u00eda\/andorra\/"},"modified":"2025-12-03T12:24:02","modified_gmt":"2025-12-03T11:24:02","slug":"andorra","status":"publish","type":"product","link":"https:\/\/silviafernandez.com\/it\/vestidos-de-novia\/musas\/andorra\/","title":{"rendered":"Andorra"},"content":{"rendered":"","protected":false},"excerpt":{"rendered":"<p>Andorra \u00e8 un abito gioiello che riflette eleganza e stile. Realizzato in squisito cr\u00eape, ogni dettaglio \u00e8 stato accuratamente progettato per creare un look unico e abbagliante.<br \/>\nI bottoni gioiello aggiungono un tocco di scintillio e raffinatezza, mentre il bolero floreale e con frange aggiunge un fascino andaluso che fa risaltare questo abito dalla massa.<br \/>\nLa scelta perfetta per la sposa che cerca uno stile unico e memorabile.<\/p>","protected":false},"featured_media":27551,"template":"","meta":[],"product_brand":[],"product_cat":[866,20],"product_tag":[],"class_list":{"0":"post-27337","1":"product","2":"type-product","3":"status-publish","4":"has-post-thumbnail","6":"product_cat-musas","7":"product_cat-vestidos-de-novia","9":"first","10":"instock","11":"taxable","12":"shipping-taxable","13":"product-type-simple"},"_links":{"self":[{"href":"https:\/\/silviafernandez.com\/it\/wp-json\/wp\/v2\/product\/27337","targetHints":{"allow":["GET"]}}],"collection":[{"href":"https:\/\/silviafernandez.com\/it\/wp-json\/wp\/v2\/product"}],"about":[{"href":"https:\/\/silviafernandez.com\/it\/wp-json\/wp\/v2\/types\/product"}],"wp:featuredmedia":[{"embeddable":true,"href":"https:\/\/silviafernandez.com\/it\/wp-json\/wp\/v2\/media\/27551"}],"wp:attachment":[{"href":"https:\/\/silviafernandez.com\/it\/wp-json\/wp\/v2\/media?parent=27337"}],"wp:term":[{"taxonomy":"product_brand","embeddable":true,"href":"https:\/\/silviafernandez.com\/it\/wp-json\/wp\/v2\/product_brand?post=27337"},{"taxonomy":"product_cat","embeddable":true,"href":"https:\/\/silviafernandez.com\/it\/wp-json\/wp\/v2\/product_cat?post=27337"},{"taxonomy":"product_tag","embeddable":true,"href":"https:\/\/silviafernandez.com\/it\/wp-json\/wp\/v2\/product_tag?post=27337"}],"curies":[{"name":"wp","href":"https:\/\/api.w.org\/{rel}","templated":true}]}}