{"id":27334,"date":"2024-04-01T14:06:58","date_gmt":"2024-04-01T12:06:58","guid":{"rendered":"https:\/\/silviafernandez.com\/sin%20categor\u00eda\/anabel\/"},"modified":"2025-12-03T12:24:02","modified_gmt":"2025-12-03T11:24:02","slug":"anabel","status":"publish","type":"product","link":"https:\/\/silviafernandez.com\/it\/vestidos-de-novia\/musas\/anabel\/","title":{"rendered":"Anabel"},"content":{"rendered":"","protected":false},"excerpt":{"rendered":"<p>Un abito da sposa che fonde eleganza e originalit\u00e0 per creare un look unico. La camicia in bamb\u00f9 ricamata aggiunge fascino artigianale, mentre il top e la gonna in cr\u00eape aggiungono eleganza e stile.<br \/>\nLa combinazione di tessuti e dettagli crea un equilibrio armonioso che cattura l'essenza dell'individualit\u00e0 e della bellezza unica di ogni sposa.<\/p>","protected":false},"featured_media":27546,"template":"","meta":[],"product_brand":[],"product_cat":[866,20],"product_tag":[],"class_list":{"0":"post-27334","1":"product","2":"type-product","3":"status-publish","4":"has-post-thumbnail","6":"product_cat-musas","7":"product_cat-vestidos-de-novia","9":"first","10":"instock","11":"taxable","12":"shipping-taxable","13":"product-type-simple"},"_links":{"self":[{"href":"https:\/\/silviafernandez.com\/it\/wp-json\/wp\/v2\/product\/27334","targetHints":{"allow":["GET"]}}],"collection":[{"href":"https:\/\/silviafernandez.com\/it\/wp-json\/wp\/v2\/product"}],"about":[{"href":"https:\/\/silviafernandez.com\/it\/wp-json\/wp\/v2\/types\/product"}],"wp:featuredmedia":[{"embeddable":true,"href":"https:\/\/silviafernandez.com\/it\/wp-json\/wp\/v2\/media\/27546"}],"wp:attachment":[{"href":"https:\/\/silviafernandez.com\/it\/wp-json\/wp\/v2\/media?parent=27334"}],"wp:term":[{"taxonomy":"product_brand","embeddable":true,"href":"https:\/\/silviafernandez.com\/it\/wp-json\/wp\/v2\/product_brand?post=27334"},{"taxonomy":"product_cat","embeddable":true,"href":"https:\/\/silviafernandez.com\/it\/wp-json\/wp\/v2\/product_cat?post=27334"},{"taxonomy":"product_tag","embeddable":true,"href":"https:\/\/silviafernandez.com\/it\/wp-json\/wp\/v2\/product_tag?post=27334"}],"curies":[{"name":"wp","href":"https:\/\/api.w.org\/{rel}","templated":true}]}}