{"id":27321,"date":"2024-04-01T14:06:16","date_gmt":"2024-04-01T12:06:16","guid":{"rendered":"https:\/\/silviafernandez.com\/sin%20categor\u00eda\/alcazar\/"},"modified":"2025-12-03T12:24:03","modified_gmt":"2025-12-03T11:24:03","slug":"alcazar","status":"publish","type":"product","link":"https:\/\/silviafernandez.com\/it\/vestidos-de-novia\/musas\/alcazar\/","title":{"rendered":"Alcazar"},"content":{"rendered":"","protected":false},"excerpt":{"rendered":"<p>Alcazar \u00e8 l'epitome della distinzione e dell'eleganza. Realizzato in cr\u00eape, questo abito semplice e sobrio emana una raffinatezza senza tempo. Ma ci\u00f2 che lo distingue \u00e8 la sua gonna in broccato, che aggiunge un tocco di opulenza e maestosit\u00e0.<\/p>\n<p>Il contrasto tra la semplicit\u00e0 del cr\u00eape e la ricchezza del broccato crea una combinazione perfetta.<\/p>","protected":false},"featured_media":27524,"template":"","meta":[],"product_brand":[],"product_cat":[866,20],"product_tag":[],"class_list":{"0":"post-27321","1":"product","2":"type-product","3":"status-publish","4":"has-post-thumbnail","6":"product_cat-musas","7":"product_cat-vestidos-de-novia","9":"first","10":"instock","11":"taxable","12":"shipping-taxable","13":"product-type-simple"},"_links":{"self":[{"href":"https:\/\/silviafernandez.com\/it\/wp-json\/wp\/v2\/product\/27321","targetHints":{"allow":["GET"]}}],"collection":[{"href":"https:\/\/silviafernandez.com\/it\/wp-json\/wp\/v2\/product"}],"about":[{"href":"https:\/\/silviafernandez.com\/it\/wp-json\/wp\/v2\/types\/product"}],"wp:featuredmedia":[{"embeddable":true,"href":"https:\/\/silviafernandez.com\/it\/wp-json\/wp\/v2\/media\/27524"}],"wp:attachment":[{"href":"https:\/\/silviafernandez.com\/it\/wp-json\/wp\/v2\/media?parent=27321"}],"wp:term":[{"taxonomy":"product_brand","embeddable":true,"href":"https:\/\/silviafernandez.com\/it\/wp-json\/wp\/v2\/product_brand?post=27321"},{"taxonomy":"product_cat","embeddable":true,"href":"https:\/\/silviafernandez.com\/it\/wp-json\/wp\/v2\/product_cat?post=27321"},{"taxonomy":"product_tag","embeddable":true,"href":"https:\/\/silviafernandez.com\/it\/wp-json\/wp\/v2\/product_tag?post=27321"}],"curies":[{"name":"wp","href":"https:\/\/api.w.org\/{rel}","templated":true}]}}