{"id":27318,"date":"2024-04-01T14:06:07","date_gmt":"2024-04-01T12:06:07","guid":{"rendered":"https:\/\/silviafernandez.com\/sin%20categor\u00eda\/aida\/"},"modified":"2025-12-03T12:24:03","modified_gmt":"2025-12-03T11:24:03","slug":"aida","status":"publish","type":"product","link":"https:\/\/silviafernandez.com\/it\/vestidos-de-novia\/musas\/aida\/","title":{"rendered":"Aida"},"content":{"rendered":"","protected":false},"excerpt":{"rendered":"<p>L'abito da sposa Aida ridefinisce la versatilit\u00e0 per la sposa moderna. Con due look da sposa in uno, \u00e8 la scelta perfetta per chi cerca stile e comfort nel grande giorno. Con il suo raffinato cappotto in cr\u00eape e la schiena senza schienale, si ottiene un primo look sofisticato ed elegante. Ma togliendo il cappotto, si scopre un look comodo, moderno e sexy che vi permetter\u00e0 di ballare e godervi appieno il vostro matrimonio.<\/p>","protected":false},"featured_media":27521,"template":"","meta":[],"product_brand":[],"product_cat":[866,20],"product_tag":[],"class_list":{"0":"post-27318","1":"product","2":"type-product","3":"status-publish","4":"has-post-thumbnail","6":"product_cat-musas","7":"product_cat-vestidos-de-novia","9":"first","10":"instock","11":"taxable","12":"shipping-taxable","13":"product-type-simple"},"_links":{"self":[{"href":"https:\/\/silviafernandez.com\/it\/wp-json\/wp\/v2\/product\/27318","targetHints":{"allow":["GET"]}}],"collection":[{"href":"https:\/\/silviafernandez.com\/it\/wp-json\/wp\/v2\/product"}],"about":[{"href":"https:\/\/silviafernandez.com\/it\/wp-json\/wp\/v2\/types\/product"}],"wp:featuredmedia":[{"embeddable":true,"href":"https:\/\/silviafernandez.com\/it\/wp-json\/wp\/v2\/media\/27521"}],"wp:attachment":[{"href":"https:\/\/silviafernandez.com\/it\/wp-json\/wp\/v2\/media?parent=27318"}],"wp:term":[{"taxonomy":"product_brand","embeddable":true,"href":"https:\/\/silviafernandez.com\/it\/wp-json\/wp\/v2\/product_brand?post=27318"},{"taxonomy":"product_cat","embeddable":true,"href":"https:\/\/silviafernandez.com\/it\/wp-json\/wp\/v2\/product_cat?post=27318"},{"taxonomy":"product_tag","embeddable":true,"href":"https:\/\/silviafernandez.com\/it\/wp-json\/wp\/v2\/product_tag?post=27318"}],"curies":[{"name":"wp","href":"https:\/\/api.w.org\/{rel}","templated":true}]}}