{"id":25483,"date":"2024-02-05T15:25:23","date_gmt":"2024-02-05T14:25:23","guid":{"rendered":"https:\/\/silviafernandez.com\/sin%20categor\u00eda\/mar-2\/"},"modified":"2025-12-03T12:24:05","modified_gmt":"2025-12-03T11:24:05","slug":"mar-2","status":"publish","type":"product","link":"https:\/\/silviafernandez.com\/it\/camelia\/mar-2\/","title":{"rendered":"Mar"},"content":{"rendered":"","protected":false},"excerpt":{"rendered":"<p>Abito da festa in cr\u00eape con drappeggio e drappeggio in taffet\u00e0. La scollatura senza spalline e lo spacco laterale gli conferiscono un tocco di glamour e femminilit\u00e0.<\/p>","protected":false},"featured_media":26423,"template":"","meta":[],"product_brand":[],"product_cat":[810],"product_tag":[],"class_list":{"0":"post-25483","1":"product","2":"type-product","3":"status-publish","4":"has-post-thumbnail","6":"product_cat-camelia","8":"first","9":"instock","10":"taxable","11":"shipping-taxable","12":"purchasable","13":"product-type-variable"},"_links":{"self":[{"href":"https:\/\/silviafernandez.com\/it\/wp-json\/wp\/v2\/product\/25483","targetHints":{"allow":["GET"]}}],"collection":[{"href":"https:\/\/silviafernandez.com\/it\/wp-json\/wp\/v2\/product"}],"about":[{"href":"https:\/\/silviafernandez.com\/it\/wp-json\/wp\/v2\/types\/product"}],"wp:featuredmedia":[{"embeddable":true,"href":"https:\/\/silviafernandez.com\/it\/wp-json\/wp\/v2\/media\/26423"}],"wp:attachment":[{"href":"https:\/\/silviafernandez.com\/it\/wp-json\/wp\/v2\/media?parent=25483"}],"wp:term":[{"taxonomy":"product_brand","embeddable":true,"href":"https:\/\/silviafernandez.com\/it\/wp-json\/wp\/v2\/product_brand?post=25483"},{"taxonomy":"product_cat","embeddable":true,"href":"https:\/\/silviafernandez.com\/it\/wp-json\/wp\/v2\/product_cat?post=25483"},{"taxonomy":"product_tag","embeddable":true,"href":"https:\/\/silviafernandez.com\/it\/wp-json\/wp\/v2\/product_tag?post=25483"}],"curies":[{"name":"wp","href":"https:\/\/api.w.org\/{rel}","templated":true}]}}