{"id":23589,"date":"2023-12-01T08:52:47","date_gmt":"2023-12-01T07:52:47","guid":{"rendered":"https:\/\/silviafernandez.com\/?post_type=product&#038;p=23589"},"modified":"2025-12-03T12:24:07","modified_gmt":"2025-12-03T11:24:07","slug":"peniscola","status":"publish","type":"product","link":"https:\/\/silviafernandez.com\/it\/vestidos-de-fiesta\/peniscola\/","title":{"rendered":"Pe\u00f1iscola"},"content":{"rendered":"<p>Vestido crepe con volante, lazo y caida tafeta<\/p>","protected":false},"excerpt":{"rendered":"<p>Abito da festa lungo in cr\u00eape con volant, fusciacca, fiocco posteriore e caduta in taffet\u00e0 danno un tocco di grazia a questo modello di alta moda. Questo pezzo eccezionale \u00e8 un'ottima scelta per qualsiasi evento speciale, combinando alla perfezione eleganza e stile, che non passer\u00e0 inosservato.<\/p>","protected":false},"featured_media":23645,"template":"","meta":[],"product_brand":[],"product_cat":[139],"product_tag":[],"class_list":{"0":"post-23589","1":"product","2":"type-product","3":"status-publish","4":"has-post-thumbnail","6":"product_cat-vestidos-de-fiesta","8":"first","9":"instock","10":"taxable","11":"shipping-taxable","12":"purchasable","13":"product-type-variable"},"_links":{"self":[{"href":"https:\/\/silviafernandez.com\/it\/wp-json\/wp\/v2\/product\/23589","targetHints":{"allow":["GET"]}}],"collection":[{"href":"https:\/\/silviafernandez.com\/it\/wp-json\/wp\/v2\/product"}],"about":[{"href":"https:\/\/silviafernandez.com\/it\/wp-json\/wp\/v2\/types\/product"}],"wp:featuredmedia":[{"embeddable":true,"href":"https:\/\/silviafernandez.com\/it\/wp-json\/wp\/v2\/media\/23645"}],"wp:attachment":[{"href":"https:\/\/silviafernandez.com\/it\/wp-json\/wp\/v2\/media?parent=23589"}],"wp:term":[{"taxonomy":"product_brand","embeddable":true,"href":"https:\/\/silviafernandez.com\/it\/wp-json\/wp\/v2\/product_brand?post=23589"},{"taxonomy":"product_cat","embeddable":true,"href":"https:\/\/silviafernandez.com\/it\/wp-json\/wp\/v2\/product_cat?post=23589"},{"taxonomy":"product_tag","embeddable":true,"href":"https:\/\/silviafernandez.com\/it\/wp-json\/wp\/v2\/product_tag?post=23589"}],"curies":[{"name":"wp","href":"https:\/\/api.w.org\/{rel}","templated":true}]}}