{"id":20232,"date":"2023-08-29T08:54:50","date_gmt":"2023-08-29T06:54:50","guid":{"rendered":"https:\/\/silviafernandez.com\/?post_type=product&#038;p=20232"},"modified":"2025-12-03T12:24:12","modified_gmt":"2025-12-03T11:24:12","slug":"manila","status":"publish","type":"product","link":"https:\/\/silviafernandez.com\/it\/vestidos-de-novia\/mademoiselle\/manila\/","title":{"rendered":"Manila"},"content":{"rendered":"","protected":false},"excerpt":{"rendered":"<p>Il nostro design Manila \u00e8 un abito da sposa semplice che vi lusingher\u00e0 con il suo taglio dritto e la sua fascia sottoseno che esalta la vita e il busto.<\/p>\n<p>Realizzato in cr\u00eape, completamente liscio, con scollatura a V, le protagoniste sono le maniche a sbuffo in taffet\u00e0, mentre la lunga mantella staccabile vi permetter\u00e0 di indossare due abiti nel giorno del vostro matrimonio, rivelando una schiena scoperta in tinta con la scollatura anteriore.<\/p>","protected":false},"featured_media":20234,"template":"","meta":[],"product_brand":[],"product_cat":[671,20],"product_tag":[746],"class_list":{"0":"post-20232","1":"product","2":"type-product","3":"status-publish","4":"has-post-thumbnail","6":"product_cat-mademoiselle","7":"product_cat-vestidos-de-novia","8":"product_tag-mademoiselle","10":"first","11":"instock","12":"taxable","13":"shipping-taxable","14":"product-type-simple"},"_links":{"self":[{"href":"https:\/\/silviafernandez.com\/it\/wp-json\/wp\/v2\/product\/20232","targetHints":{"allow":["GET"]}}],"collection":[{"href":"https:\/\/silviafernandez.com\/it\/wp-json\/wp\/v2\/product"}],"about":[{"href":"https:\/\/silviafernandez.com\/it\/wp-json\/wp\/v2\/types\/product"}],"wp:featuredmedia":[{"embeddable":true,"href":"https:\/\/silviafernandez.com\/it\/wp-json\/wp\/v2\/media\/20234"}],"wp:attachment":[{"href":"https:\/\/silviafernandez.com\/it\/wp-json\/wp\/v2\/media?parent=20232"}],"wp:term":[{"taxonomy":"product_brand","embeddable":true,"href":"https:\/\/silviafernandez.com\/it\/wp-json\/wp\/v2\/product_brand?post=20232"},{"taxonomy":"product_cat","embeddable":true,"href":"https:\/\/silviafernandez.com\/it\/wp-json\/wp\/v2\/product_cat?post=20232"},{"taxonomy":"product_tag","embeddable":true,"href":"https:\/\/silviafernandez.com\/it\/wp-json\/wp\/v2\/product_tag?post=20232"}],"curies":[{"name":"wp","href":"https:\/\/api.w.org\/{rel}","templated":true}]}}