{"id":20216,"date":"2023-08-29T08:40:14","date_gmt":"2023-08-29T06:40:14","guid":{"rendered":"https:\/\/silviafernandez.com\/?post_type=product&#038;p=20216"},"modified":"2025-12-03T12:24:12","modified_gmt":"2025-12-03T11:24:12","slug":"malta","status":"publish","type":"product","link":"https:\/\/silviafernandez.com\/it\/vestidos-de-novia\/mademoiselle\/malta\/","title":{"rendered":"Malta"},"content":{"rendered":"","protected":false},"excerpt":{"rendered":"<p>Il nostro modello Malta \u00e8 l'abito da sposa ideale per quelle spose classiche che cercano sobriet\u00e0 ed eleganza, oltre che semplicit\u00e0.<\/p>\n<p>Realizzato in cr\u00eape, dal taglio dritto, segna il punto vita e separa visivamente il design in due con una fusciacca in tulle che sottolinea la silhouette femminile insieme alla scollatura a V.<\/p>\n<p>Il tocco di romanticismo \u00e8 dato dal tulle ricamato che ricopre il busto e le maniche alla francese, e dal suo strato di chiffon che scorre e vola generando un effetto di leggerezza.<\/p>","protected":false},"featured_media":20217,"template":"","meta":[],"product_brand":[],"product_cat":[671,20],"product_tag":[746],"class_list":{"0":"post-20216","1":"product","2":"type-product","3":"status-publish","4":"has-post-thumbnail","6":"product_cat-mademoiselle","7":"product_cat-vestidos-de-novia","8":"product_tag-mademoiselle","10":"first","11":"instock","12":"taxable","13":"shipping-taxable","14":"product-type-simple"},"_links":{"self":[{"href":"https:\/\/silviafernandez.com\/it\/wp-json\/wp\/v2\/product\/20216","targetHints":{"allow":["GET"]}}],"collection":[{"href":"https:\/\/silviafernandez.com\/it\/wp-json\/wp\/v2\/product"}],"about":[{"href":"https:\/\/silviafernandez.com\/it\/wp-json\/wp\/v2\/types\/product"}],"wp:featuredmedia":[{"embeddable":true,"href":"https:\/\/silviafernandez.com\/it\/wp-json\/wp\/v2\/media\/20217"}],"wp:attachment":[{"href":"https:\/\/silviafernandez.com\/it\/wp-json\/wp\/v2\/media?parent=20216"}],"wp:term":[{"taxonomy":"product_brand","embeddable":true,"href":"https:\/\/silviafernandez.com\/it\/wp-json\/wp\/v2\/product_brand?post=20216"},{"taxonomy":"product_cat","embeddable":true,"href":"https:\/\/silviafernandez.com\/it\/wp-json\/wp\/v2\/product_cat?post=20216"},{"taxonomy":"product_tag","embeddable":true,"href":"https:\/\/silviafernandez.com\/it\/wp-json\/wp\/v2\/product_tag?post=20216"}],"curies":[{"name":"wp","href":"https:\/\/api.w.org\/{rel}","templated":true}]}}