{"id":20209,"date":"2023-08-29T08:33:31","date_gmt":"2023-08-29T06:33:31","guid":{"rendered":"https:\/\/silviafernandez.com\/?post_type=product&#038;p=20209"},"modified":"2025-12-03T12:24:12","modified_gmt":"2025-12-03T11:24:12","slug":"malibu","status":"publish","type":"product","link":"https:\/\/silviafernandez.com\/it\/vestidos-de-novia\/mademoiselle\/malibu\/","title":{"rendered":"Malibu"},"content":{"rendered":"","protected":false},"excerpt":{"rendered":"<p>Il nostro abito da sposa Malibu sar\u00e0 l'alleato perfetto per le spose romantiche ed eleganti che cercano semplicit\u00e0 e comfort.<\/p>\n<p>Combina con gusto crepe e tulle ricamato e, sebbene abbia un taglio dritto che lusinga tutte le figure, \u00e8 dotato di una cimosa incorporata che pu\u00f2 essere facilmente rimossa per una maggiore libert\u00e0 di movimento.<\/p>\n<p>Con la sua scollatura quadrata e le maniche alla francese, \u00e8 anche la scelta ideale per le spose che vogliono mostrare un pizzico di sensualit\u00e0 senza rinunciare all'eleganza, in quanto ha la schiena completamente scoperta incorniciata da tulle ricamato.<\/p>","protected":false},"featured_media":20210,"template":"","meta":[],"product_brand":[],"product_cat":[671,20],"product_tag":[746],"class_list":{"0":"post-20209","1":"product","2":"type-product","3":"status-publish","4":"has-post-thumbnail","6":"product_cat-mademoiselle","7":"product_cat-vestidos-de-novia","8":"product_tag-mademoiselle","10":"first","11":"instock","12":"taxable","13":"shipping-taxable","14":"product-type-simple"},"_links":{"self":[{"href":"https:\/\/silviafernandez.com\/it\/wp-json\/wp\/v2\/product\/20209","targetHints":{"allow":["GET"]}}],"collection":[{"href":"https:\/\/silviafernandez.com\/it\/wp-json\/wp\/v2\/product"}],"about":[{"href":"https:\/\/silviafernandez.com\/it\/wp-json\/wp\/v2\/types\/product"}],"wp:featuredmedia":[{"embeddable":true,"href":"https:\/\/silviafernandez.com\/it\/wp-json\/wp\/v2\/media\/20210"}],"wp:attachment":[{"href":"https:\/\/silviafernandez.com\/it\/wp-json\/wp\/v2\/media?parent=20209"}],"wp:term":[{"taxonomy":"product_brand","embeddable":true,"href":"https:\/\/silviafernandez.com\/it\/wp-json\/wp\/v2\/product_brand?post=20209"},{"taxonomy":"product_cat","embeddable":true,"href":"https:\/\/silviafernandez.com\/it\/wp-json\/wp\/v2\/product_cat?post=20209"},{"taxonomy":"product_tag","embeddable":true,"href":"https:\/\/silviafernandez.com\/it\/wp-json\/wp\/v2\/product_tag?post=20209"}],"curies":[{"name":"wp","href":"https:\/\/api.w.org\/{rel}","templated":true}]}}