{"id":18487,"date":"2023-05-02T12:36:10","date_gmt":"2023-05-02T10:36:10","guid":{"rendered":"https:\/\/silviafernandez.com\/?post_type=product&#038;p=18487"},"modified":"2025-12-03T12:24:13","modified_gmt":"2025-12-03T11:24:13","slug":"mara","status":"publish","type":"product","link":"https:\/\/silviafernandez.com\/it\/vestidos-de-novia\/mademoiselle\/mara\/","title":{"rendered":"Mara"},"content":{"rendered":"<p>Vestido crepe fino<\/p>","protected":false},"excerpt":{"rendered":"<p>La combinazione di elementi del nostro design Mara sar\u00e0 la scelta perfetta per le spose che cercano un abito da sposa molto semplice e comodo, con un tocco di freschezza e modernit\u00e0 in pi\u00f9. La sua mantella in chiffon trasparente posizionata al collo secondo le ultime tendenze, pu\u00f2 essere facilmente rimossa lasciando solo la base, realizzata in cr\u00eape e dal taglio dritto, con spalline sottili e scollatura a V, e una schiena, anch'essa a V, incorniciata da un bellissimo tulle ricamato.<\/p>","protected":false},"featured_media":20555,"template":"","meta":[],"product_brand":[],"product_cat":[671,20],"product_tag":[746],"class_list":{"0":"post-18487","1":"product","2":"type-product","3":"status-publish","4":"has-post-thumbnail","6":"product_cat-mademoiselle","7":"product_cat-vestidos-de-novia","8":"product_tag-mademoiselle","10":"first","11":"instock","12":"taxable","13":"shipping-taxable","14":"product-type-simple"},"_links":{"self":[{"href":"https:\/\/silviafernandez.com\/it\/wp-json\/wp\/v2\/product\/18487","targetHints":{"allow":["GET"]}}],"collection":[{"href":"https:\/\/silviafernandez.com\/it\/wp-json\/wp\/v2\/product"}],"about":[{"href":"https:\/\/silviafernandez.com\/it\/wp-json\/wp\/v2\/types\/product"}],"wp:featuredmedia":[{"embeddable":true,"href":"https:\/\/silviafernandez.com\/it\/wp-json\/wp\/v2\/media\/20555"}],"wp:attachment":[{"href":"https:\/\/silviafernandez.com\/it\/wp-json\/wp\/v2\/media?parent=18487"}],"wp:term":[{"taxonomy":"product_brand","embeddable":true,"href":"https:\/\/silviafernandez.com\/it\/wp-json\/wp\/v2\/product_brand?post=18487"},{"taxonomy":"product_cat","embeddable":true,"href":"https:\/\/silviafernandez.com\/it\/wp-json\/wp\/v2\/product_cat?post=18487"},{"taxonomy":"product_tag","embeddable":true,"href":"https:\/\/silviafernandez.com\/it\/wp-json\/wp\/v2\/product_tag?post=18487"}],"curies":[{"name":"wp","href":"https:\/\/api.w.org\/{rel}","templated":true}]}}