{"id":18468,"date":"2023-05-02T12:35:26","date_gmt":"2023-05-02T10:35:26","guid":{"rendered":"https:\/\/silviafernandez.com\/?post_type=product&#038;p=18468"},"modified":"2025-12-03T12:24:13","modified_gmt":"2025-12-03T11:24:13","slug":"manuela-2","status":"publish","type":"product","link":"https:\/\/silviafernandez.com\/it\/vestidos-de-novia\/mademoiselle\/manuela-2\/","title":{"rendered":"Manuela"},"content":{"rendered":"<p>Vestido crepe fino con hebilla y botones joya perla<\/p>","protected":false},"excerpt":{"rendered":"<p>Il nostro modello Manuela \u00e8 un abito da sposa elegante e sofisticato che piacer\u00e0 alle spose pi\u00f9 curate nei dettagli che non vogliono rinunciare alla semplicit\u00e0 e alla comodit\u00e0. Dal taglio dritto, realizzato in cr\u00eape con una mantella rimovibile dello stesso materiale, ha un elegante scollo a barca sul davanti, maniche corte a sbuffo e una fusciacca che segna la vita, impreziosita da una fibbia di perle che si abbina a un'altra che decora l'unione tra la mantella e la scollatura quadrata sul retro.<\/p>","protected":false},"featured_media":20516,"template":"","meta":[],"product_brand":[],"product_cat":[671,20],"product_tag":[746],"class_list":{"0":"post-18468","1":"product","2":"type-product","3":"status-publish","4":"has-post-thumbnail","6":"product_cat-mademoiselle","7":"product_cat-vestidos-de-novia","8":"product_tag-mademoiselle","10":"first","11":"instock","12":"taxable","13":"shipping-taxable","14":"product-type-simple"},"_links":{"self":[{"href":"https:\/\/silviafernandez.com\/it\/wp-json\/wp\/v2\/product\/18468","targetHints":{"allow":["GET"]}}],"collection":[{"href":"https:\/\/silviafernandez.com\/it\/wp-json\/wp\/v2\/product"}],"about":[{"href":"https:\/\/silviafernandez.com\/it\/wp-json\/wp\/v2\/types\/product"}],"wp:featuredmedia":[{"embeddable":true,"href":"https:\/\/silviafernandez.com\/it\/wp-json\/wp\/v2\/media\/20516"}],"wp:attachment":[{"href":"https:\/\/silviafernandez.com\/it\/wp-json\/wp\/v2\/media?parent=18468"}],"wp:term":[{"taxonomy":"product_brand","embeddable":true,"href":"https:\/\/silviafernandez.com\/it\/wp-json\/wp\/v2\/product_brand?post=18468"},{"taxonomy":"product_cat","embeddable":true,"href":"https:\/\/silviafernandez.com\/it\/wp-json\/wp\/v2\/product_cat?post=18468"},{"taxonomy":"product_tag","embeddable":true,"href":"https:\/\/silviafernandez.com\/it\/wp-json\/wp\/v2\/product_tag?post=18468"}],"curies":[{"name":"wp","href":"https:\/\/api.w.org\/{rel}","templated":true}]}}