{"id":18465,"date":"2023-05-02T12:35:25","date_gmt":"2023-05-02T10:35:25","guid":{"rendered":"https:\/\/silviafernandez.com\/?post_type=product&#038;p=18465"},"modified":"2025-12-03T12:24:14","modified_gmt":"2025-12-03T11:24:14","slug":"maitane","status":"publish","type":"product","link":"https:\/\/silviafernandez.com\/it\/vestidos-de-novia\/mademoiselle\/maitane\/","title":{"rendered":"Maitane"},"content":{"rendered":"<p>Vestido crepe<\/p>","protected":false},"excerpt":{"rendered":"<p>Il nostro abito da sposa Maitane unisce sobriet\u00e0 ed eleganza in un design lusinghiero in cr\u00eape dal taglio dritto con scollatura a V e maniche corte a sbuffo. \u00c8 dotato della giusta quantit\u00e0 di dettagli con bottoni e fusciacca di perle e offre la possibilit\u00e0 di indossare due look grazie alla sua gonna in raso con abbottonatura posteriore.<\/p>","protected":false},"featured_media":20519,"template":"","meta":[],"product_brand":[],"product_cat":[671,20],"product_tag":[746],"class_list":{"0":"post-18465","1":"product","2":"type-product","3":"status-publish","4":"has-post-thumbnail","6":"product_cat-mademoiselle","7":"product_cat-vestidos-de-novia","8":"product_tag-mademoiselle","10":"first","11":"instock","12":"taxable","13":"shipping-taxable","14":"product-type-simple"},"_links":{"self":[{"href":"https:\/\/silviafernandez.com\/it\/wp-json\/wp\/v2\/product\/18465","targetHints":{"allow":["GET"]}}],"collection":[{"href":"https:\/\/silviafernandez.com\/it\/wp-json\/wp\/v2\/product"}],"about":[{"href":"https:\/\/silviafernandez.com\/it\/wp-json\/wp\/v2\/types\/product"}],"wp:featuredmedia":[{"embeddable":true,"href":"https:\/\/silviafernandez.com\/it\/wp-json\/wp\/v2\/media\/20519"}],"wp:attachment":[{"href":"https:\/\/silviafernandez.com\/it\/wp-json\/wp\/v2\/media?parent=18465"}],"wp:term":[{"taxonomy":"product_brand","embeddable":true,"href":"https:\/\/silviafernandez.com\/it\/wp-json\/wp\/v2\/product_brand?post=18465"},{"taxonomy":"product_cat","embeddable":true,"href":"https:\/\/silviafernandez.com\/it\/wp-json\/wp\/v2\/product_cat?post=18465"},{"taxonomy":"product_tag","embeddable":true,"href":"https:\/\/silviafernandez.com\/it\/wp-json\/wp\/v2\/product_tag?post=18465"}],"curies":[{"name":"wp","href":"https:\/\/api.w.org\/{rel}","templated":true}]}}