{"id":18458,"date":"2023-05-02T12:35:24","date_gmt":"2023-05-02T10:35:24","guid":{"rendered":"https:\/\/silviafernandez.com\/?post_type=product&#038;p=18458"},"modified":"2025-12-03T12:24:14","modified_gmt":"2025-12-03T11:24:14","slug":"melany","status":"publish","type":"product","link":"https:\/\/silviafernandez.com\/it\/vestidos-de-novia\/mademoiselle\/melany\/","title":{"rendered":"Melany"},"content":{"rendered":"<p>Vestido gasa con mangas y fajin tul bordado<\/p>","protected":false},"excerpt":{"rendered":"<p>Il nostro abito da sposa Melany emana romanticismo e delicatezza. L'abito da sogno per le spose che vogliono apparire eleganti e romantiche senza perdere un briciolo di comodit\u00e0. \u00c8 realizzato in chiffon, con un lungo strascico che voler\u00e0 e si muover\u00e0 con voi. Il busto drappeggiato con scollo a V \u00e8 molto lusinghiero, mentre le maniche alla francese e la fascia in tulle ricamata con motivi floreali aggiungono un tocco di dolcezza. Il tocco finale \u00e8 dato da un drappeggio in chiffon sulla schiena, che potrete togliere o mettere a vostro piacimento.<\/p>","protected":false},"featured_media":20534,"template":"","meta":[],"product_brand":[],"product_cat":[671,20],"product_tag":[746],"class_list":{"0":"post-18458","1":"product","2":"type-product","3":"status-publish","4":"has-post-thumbnail","6":"product_cat-mademoiselle","7":"product_cat-vestidos-de-novia","8":"product_tag-mademoiselle","10":"first","11":"instock","12":"taxable","13":"shipping-taxable","14":"product-type-simple"},"_links":{"self":[{"href":"https:\/\/silviafernandez.com\/it\/wp-json\/wp\/v2\/product\/18458","targetHints":{"allow":["GET"]}}],"collection":[{"href":"https:\/\/silviafernandez.com\/it\/wp-json\/wp\/v2\/product"}],"about":[{"href":"https:\/\/silviafernandez.com\/it\/wp-json\/wp\/v2\/types\/product"}],"wp:featuredmedia":[{"embeddable":true,"href":"https:\/\/silviafernandez.com\/it\/wp-json\/wp\/v2\/media\/20534"}],"wp:attachment":[{"href":"https:\/\/silviafernandez.com\/it\/wp-json\/wp\/v2\/media?parent=18458"}],"wp:term":[{"taxonomy":"product_brand","embeddable":true,"href":"https:\/\/silviafernandez.com\/it\/wp-json\/wp\/v2\/product_brand?post=18458"},{"taxonomy":"product_cat","embeddable":true,"href":"https:\/\/silviafernandez.com\/it\/wp-json\/wp\/v2\/product_cat?post=18458"},{"taxonomy":"product_tag","embeddable":true,"href":"https:\/\/silviafernandez.com\/it\/wp-json\/wp\/v2\/product_tag?post=18458"}],"curies":[{"name":"wp","href":"https:\/\/api.w.org\/{rel}","templated":true}]}}