{"id":18451,"date":"2023-05-02T12:35:23","date_gmt":"2023-05-02T10:35:23","guid":{"rendered":"https:\/\/silviafernandez.com\/?post_type=product&#038;p=18451"},"modified":"2025-12-03T12:24:15","modified_gmt":"2025-12-03T11:24:15","slug":"mena","status":"publish","type":"product","link":"https:\/\/silviafernandez.com\/it\/vestidos-de-novia\/mademoiselle\/mena\/","title":{"rendered":"Mena"},"content":{"rendered":"<p>Vestido crepe con bolero tul plumeti<\/p>","protected":false},"excerpt":{"rendered":"<p>Indossate una variet\u00e0 di stili nel giorno del vostro matrimonio con il nostro abito da sposa trasformabile Mena. La versione pi\u00f9 semplice \u00e8 un semplice abito in cr\u00eape con spalline e una gonna dritta che cade fluidamente dalla vita. Sopra c'\u00e8 un bolero a maniche lunghe in plumeti, chiuso da una fusciacca in plumeti, con piccoli volant che decorano le spalle. Per finire, lascia tutti a bocca aperta con la mantella, anch'essa in plumeti, con applicazioni di tulle ricamate a mano.<\/p>","protected":false},"featured_media":20495,"template":"","meta":[],"product_brand":[],"product_cat":[671,20],"product_tag":[746],"class_list":{"0":"post-18451","1":"product","2":"type-product","3":"status-publish","4":"has-post-thumbnail","6":"product_cat-mademoiselle","7":"product_cat-vestidos-de-novia","8":"product_tag-mademoiselle","10":"first","11":"instock","12":"taxable","13":"shipping-taxable","14":"product-type-simple"},"_links":{"self":[{"href":"https:\/\/silviafernandez.com\/it\/wp-json\/wp\/v2\/product\/18451","targetHints":{"allow":["GET"]}}],"collection":[{"href":"https:\/\/silviafernandez.com\/it\/wp-json\/wp\/v2\/product"}],"about":[{"href":"https:\/\/silviafernandez.com\/it\/wp-json\/wp\/v2\/types\/product"}],"wp:featuredmedia":[{"embeddable":true,"href":"https:\/\/silviafernandez.com\/it\/wp-json\/wp\/v2\/media\/20495"}],"wp:attachment":[{"href":"https:\/\/silviafernandez.com\/it\/wp-json\/wp\/v2\/media?parent=18451"}],"wp:term":[{"taxonomy":"product_brand","embeddable":true,"href":"https:\/\/silviafernandez.com\/it\/wp-json\/wp\/v2\/product_brand?post=18451"},{"taxonomy":"product_cat","embeddable":true,"href":"https:\/\/silviafernandez.com\/it\/wp-json\/wp\/v2\/product_cat?post=18451"},{"taxonomy":"product_tag","embeddable":true,"href":"https:\/\/silviafernandez.com\/it\/wp-json\/wp\/v2\/product_tag?post=18451"}],"curies":[{"name":"wp","href":"https:\/\/api.w.org\/{rel}","templated":true}]}}