{"id":18448,"date":"2023-05-02T12:35:22","date_gmt":"2023-05-02T10:35:22","guid":{"rendered":"https:\/\/silviafernandez.com\/?post_type=product&#038;p=18448"},"modified":"2025-12-03T12:24:15","modified_gmt":"2025-12-03T11:24:15","slug":"malaga","status":"publish","type":"product","link":"https:\/\/silviafernandez.com\/it\/vestidos-de-novia\/mademoiselle\/malaga\/","title":{"rendered":"Malaga"},"content":{"rendered":"<p>Vestido crepe con pluma y aplicaci\u00f3n en hombro<\/p>","protected":false},"excerpt":{"rendered":"<p>Il nostro abito da sposa Malaga, realizzato in cr\u00eape con scollatura a V, attirer\u00e0 tutti gli sguardi con le sue applicazioni di perline e piume sulle spalle, che compensano la semplicit\u00e0 del suo lusinghiero taglio dritto. Ha uno spacco nella gonna che offre maggiore libert\u00e0 di movimento e uno strato di tulle ricamato che espone la schiena, che potrete facilmente rimuovere per indossare due abiti diversi.<\/p>","protected":false},"featured_media":20472,"template":"","meta":[],"product_brand":[],"product_cat":[671,20],"product_tag":[1515,746],"class_list":{"0":"post-18448","1":"product","2":"type-product","3":"status-publish","4":"has-post-thumbnail","6":"product_cat-mademoiselle","7":"product_cat-vestidos-de-novia","8":"product_tag-2025newdes","9":"product_tag-mademoiselle","11":"first","12":"instock","13":"taxable","14":"shipping-taxable","15":"product-type-simple"},"_links":{"self":[{"href":"https:\/\/silviafernandez.com\/it\/wp-json\/wp\/v2\/product\/18448","targetHints":{"allow":["GET"]}}],"collection":[{"href":"https:\/\/silviafernandez.com\/it\/wp-json\/wp\/v2\/product"}],"about":[{"href":"https:\/\/silviafernandez.com\/it\/wp-json\/wp\/v2\/types\/product"}],"wp:featuredmedia":[{"embeddable":true,"href":"https:\/\/silviafernandez.com\/it\/wp-json\/wp\/v2\/media\/20472"}],"wp:attachment":[{"href":"https:\/\/silviafernandez.com\/it\/wp-json\/wp\/v2\/media?parent=18448"}],"wp:term":[{"taxonomy":"product_brand","embeddable":true,"href":"https:\/\/silviafernandez.com\/it\/wp-json\/wp\/v2\/product_brand?post=18448"},{"taxonomy":"product_cat","embeddable":true,"href":"https:\/\/silviafernandez.com\/it\/wp-json\/wp\/v2\/product_cat?post=18448"},{"taxonomy":"product_tag","embeddable":true,"href":"https:\/\/silviafernandez.com\/it\/wp-json\/wp\/v2\/product_tag?post=18448"}],"curies":[{"name":"wp","href":"https:\/\/api.w.org\/{rel}","templated":true}]}}