{"id":18447,"date":"2023-05-02T12:35:22","date_gmt":"2023-05-02T10:35:22","guid":{"rendered":"https:\/\/silviafernandez.com\/?post_type=product&#038;p=18447"},"modified":"2025-12-03T12:24:15","modified_gmt":"2025-12-03T11:24:15","slug":"melilla","status":"publish","type":"product","link":"https:\/\/silviafernandez.com\/it\/vestidos-de-novia\/mademoiselle\/melilla\/","title":{"rendered":"Melilla"},"content":{"rendered":"<p>Vestido crepe<\/p>","protected":false},"excerpt":{"rendered":"<p>Il nostro modello Melilla \u00e8 un modello a due pezzi che combina un abito di base semplice e minimalista con una spettacolare mantella che si pu\u00f2 comodamente rimuovere. Il modello fonde con gusto il cr\u00eape liscio e il tulle ricamato, sia nella mantella che nelle estremit\u00e0 delle maniche e che incornicia la schiena, che rimane scoperta quando la mantella viene rimossa. Un altro dettaglio squisito che sar\u00e0 esposto sar\u00e0 una lunga abbottonatura dall'inizio alla fine della gonna dritta.<\/p>","protected":false},"featured_media":20474,"template":"","meta":[],"product_brand":[],"product_cat":[671,20],"product_tag":[746],"class_list":{"0":"post-18447","1":"product","2":"type-product","3":"status-publish","4":"has-post-thumbnail","6":"product_cat-mademoiselle","7":"product_cat-vestidos-de-novia","8":"product_tag-mademoiselle","10":"first","11":"instock","12":"taxable","13":"shipping-taxable","14":"product-type-simple"},"_links":{"self":[{"href":"https:\/\/silviafernandez.com\/it\/wp-json\/wp\/v2\/product\/18447","targetHints":{"allow":["GET"]}}],"collection":[{"href":"https:\/\/silviafernandez.com\/it\/wp-json\/wp\/v2\/product"}],"about":[{"href":"https:\/\/silviafernandez.com\/it\/wp-json\/wp\/v2\/types\/product"}],"wp:featuredmedia":[{"embeddable":true,"href":"https:\/\/silviafernandez.com\/it\/wp-json\/wp\/v2\/media\/20474"}],"wp:attachment":[{"href":"https:\/\/silviafernandez.com\/it\/wp-json\/wp\/v2\/media?parent=18447"}],"wp:term":[{"taxonomy":"product_brand","embeddable":true,"href":"https:\/\/silviafernandez.com\/it\/wp-json\/wp\/v2\/product_brand?post=18447"},{"taxonomy":"product_cat","embeddable":true,"href":"https:\/\/silviafernandez.com\/it\/wp-json\/wp\/v2\/product_cat?post=18447"},{"taxonomy":"product_tag","embeddable":true,"href":"https:\/\/silviafernandez.com\/it\/wp-json\/wp\/v2\/product_tag?post=18447"}],"curies":[{"name":"wp","href":"https:\/\/api.w.org\/{rel}","templated":true}]}}