{"id":18440,"date":"2023-05-02T12:35:20","date_gmt":"2023-05-02T10:35:20","guid":{"rendered":"https:\/\/silviafernandez.com\/?post_type=product&#038;p=18440"},"modified":"2025-12-03T12:24:16","modified_gmt":"2025-12-03T11:24:16","slug":"mali","status":"publish","type":"product","link":"https:\/\/silviafernandez.com\/it\/vestidos-de-novia\/mademoiselle\/mali\/","title":{"rendered":"Mali"},"content":{"rendered":"<p>Vestido crepe con botones joya<\/p>","protected":false},"excerpt":{"rendered":"<p>Mali \u00e8 l'abito da sposa perfetto per le spose che cercano qualcosa di semplice e moderno, ma con dettagli straordinari. Si tratta di un modello dal taglio dritto in cr\u00eape, con fusciacca e scollatura a V e un'elegante manica alla francese. Protagonista \u00e8 la schiena e la gonna con bottoni gioiello, che abbinata a un'originale mantella in cr\u00eape con spacchi e bottoni gioiello, catturer\u00e0 gli sguardi e lascer\u00e0 tutti a bocca aperta.<\/p>","protected":false},"featured_media":20462,"template":"","meta":[],"product_brand":[],"product_cat":[671,20],"product_tag":[746],"class_list":{"0":"post-18440","1":"product","2":"type-product","3":"status-publish","4":"has-post-thumbnail","6":"product_cat-mademoiselle","7":"product_cat-vestidos-de-novia","8":"product_tag-mademoiselle","10":"first","11":"instock","12":"taxable","13":"shipping-taxable","14":"product-type-simple"},"_links":{"self":[{"href":"https:\/\/silviafernandez.com\/it\/wp-json\/wp\/v2\/product\/18440","targetHints":{"allow":["GET"]}}],"collection":[{"href":"https:\/\/silviafernandez.com\/it\/wp-json\/wp\/v2\/product"}],"about":[{"href":"https:\/\/silviafernandez.com\/it\/wp-json\/wp\/v2\/types\/product"}],"wp:featuredmedia":[{"embeddable":true,"href":"https:\/\/silviafernandez.com\/it\/wp-json\/wp\/v2\/media\/20462"}],"wp:attachment":[{"href":"https:\/\/silviafernandez.com\/it\/wp-json\/wp\/v2\/media?parent=18440"}],"wp:term":[{"taxonomy":"product_brand","embeddable":true,"href":"https:\/\/silviafernandez.com\/it\/wp-json\/wp\/v2\/product_brand?post=18440"},{"taxonomy":"product_cat","embeddable":true,"href":"https:\/\/silviafernandez.com\/it\/wp-json\/wp\/v2\/product_cat?post=18440"},{"taxonomy":"product_tag","embeddable":true,"href":"https:\/\/silviafernandez.com\/it\/wp-json\/wp\/v2\/product_tag?post=18440"}],"curies":[{"name":"wp","href":"https:\/\/api.w.org\/{rel}","templated":true}]}}