{"id":43776,"date":"2026-04-09T10:56:25","date_gmt":"2026-04-09T08:56:25","guid":{"rendered":"https:\/\/silviafernandez.com\/?page_id=43776"},"modified":"2026-04-10T13:26:43","modified_gmt":"2026-04-10T11:26:43","slug":"%e2%96%b7-vestidos-de-novia-e-invitada-coleccion-origen-silvia-fernandez","status":"publish","type":"page","link":"https:\/\/silviafernandez.com\/it\/","title":{"rendered":"\u25b7 Abiti da Sposa e Ospiti | Silvia Fern\u00e1ndez"},"content":{"rendered":"\t\t<div data-elementor-type=\"wp-page\" data-elementor-id=\"43776\" class=\"elementor elementor-43776\" data-elementor-post-type=\"page\">\n\t\t\t\t<div class=\"elementor-element elementor-element-f5174d1 e-con-full e-flex e-con e-parent\" data-id=\"f5174d1\" data-element_type=\"container\" data-e-type=\"container\" data-settings=\"{&quot;jet_parallax_layout_list&quot;:[]}\">\n\t\t<div class=\"elementor-element elementor-element-7fcfa80 e-con-full e-flex e-con e-child\" data-id=\"7fcfa80\" data-element_type=\"container\" data-e-type=\"container\" data-settings=\"{&quot;jet_parallax_layout_list&quot;:[],&quot;background_background&quot;:&quot;classic&quot;}\">\n\t\t<div class=\"elementor-element elementor-element-d4713f6 e-con-full margenadaptado e-flex e-con e-child\" data-id=\"d4713f6\" data-element_type=\"container\" data-e-type=\"container\" data-settings=\"{&quot;jet_parallax_layout_list&quot;:[]}\">\n\t\t\t\t<div class=\"elementor-element elementor-element-77b6f66 elementor-invisible elementor-widget elementor-widget-heading\" data-id=\"77b6f66\" data-element_type=\"widget\" data-e-type=\"widget\" data-settings=\"{&quot;_animation&quot;:&quot;fadeInUp&quot;}\" data-widget_type=\"heading.default\">\n\t\t\t\t\t<h2 class=\"elementor-heading-title elementor-size-default\">Origen<\/h2>\t\t\t\t<\/div>\n\t\t\t\t<div class=\"elementor-element elementor-element-49bd915 letraadaptada elementor-invisible elementor-widget elementor-widget-heading\" data-id=\"49bd915\" data-element_type=\"widget\" data-e-type=\"widget\" data-settings=\"{&quot;_animation&quot;:&quot;fadeInUp&quot;}\" data-widget_type=\"heading.default\">\n\t\t\t\t\t<div class=\"elementor-heading-title elementor-size-default\">DESCUBRE LA PREVIEW DE LA <b>NUEVA COLECCI\u00d3N NOVIA 2027<\/b>. ACCESO EXCLUSIVO EN NUESTROS DESIGNER DAYS.<\/div>\t\t\t\t<\/div>\n\t\t\t\t<div class=\"elementor-element elementor-element-a24d8a4 letraadaptada elementor-invisible elementor-widget elementor-widget-heading\" data-id=\"a24d8a4\" data-element_type=\"widget\" data-e-type=\"widget\" data-settings=\"{&quot;_animation&quot;:&quot;fadeInUp&quot;}\" data-widget_type=\"heading.default\">\n\t\t\t\t\t<div class=\"elementor-heading-title elementor-size-default\">\u201cDise\u00f1ada para ser descubierta, no mostrada.\u201d<\/div>\t\t\t\t<\/div>\n\t\t\t\t<div class=\"elementor-element elementor-element-78c2ee6 elementor-align-center elementor-widget__width-inherit elementor-widget-mobile__width-inherit elementor-invisible elementor-widget elementor-widget-button\" data-id=\"78c2ee6\" data-element_type=\"widget\" data-e-type=\"widget\" data-settings=\"{&quot;_animation&quot;:&quot;fadeInUp&quot;,&quot;_animation_delay&quot;:200}\" data-widget_type=\"button.default\">\n\t\t\t\t\t\t\t\t\t\t<a class=\"elementor-button elementor-button-link elementor-size-sm\" href=\"https:\/\/silviafernandez.com\/it\/eventi\/\">\n\t\t\t\t\t\t<span class=\"elementor-button-content-wrapper\">\n\t\t\t\t\t\t\t\t\t<span class=\"elementor-button-text\">RESERVA TU CITA<\/span>\n\t\t\t\t\t<\/span>\n\t\t\t\t\t<\/a>\n\t\t\t\t\t\t\t\t<\/div>\n\t\t\t\t<\/div>\n\t\t\t\t<\/div>\n\t\t\t\t<\/div>\n\t\t<div class=\"elementor-element elementor-element-29bc4e0 e-con-full e-flex e-con e-parent\" data-id=\"29bc4e0\" data-element_type=\"container\" data-e-type=\"container\" data-settings=\"{&quot;jet_parallax_layout_list&quot;:[]}\">\n\t\t<div class=\"elementor-element elementor-element-f00c8ec e-con-full e-flex e-con e-child\" data-id=\"f00c8ec\" data-element_type=\"container\" data-e-type=\"container\" data-settings=\"{&quot;jet_parallax_layout_list&quot;:[],&quot;background_background&quot;:&quot;classic&quot;}\">\n\t\t\t\t<div class=\"elementor-element elementor-element-cf0938d letraadaptada elementor-widget elementor-widget-heading\" data-id=\"cf0938d\" data-element_type=\"widget\" data-e-type=\"widget\" data-widget_type=\"heading.default\">\n\t\t\t\t\t<div class=\"elementor-heading-title elementor-size-default\">VIVE UNA EXPERIENCIA EXCLUSIVA PARA DESCUBRIR <b>ORIGEN<\/b> EN PRIMICIA JUNTO A SILVIA.<\/div>\t\t\t\t<\/div>\n\t\t\t\t<div class=\"elementor-element elementor-element-70979c1 letraadaptada elementor-widget elementor-widget-heading\" data-id=\"70979c1\" data-element_type=\"widget\" data-e-type=\"widget\" data-widget_type=\"heading.default\">\n\t\t\t\t\t<div class=\"elementor-heading-title elementor-size-default\">Solo en <b>12<\/b> tiendas seleccionadas.<\/div>\t\t\t\t<\/div>\n\t\t\t\t<div class=\"elementor-element elementor-element-cc96769 elementor-align-center elementor-widget__width-inherit elementor-widget-mobile__width-inherit elementor-absolute botoncentrado elementor-widget elementor-widget-button\" data-id=\"cc96769\" data-element_type=\"widget\" data-e-type=\"widget\" data-settings=\"{&quot;_position&quot;:&quot;absolute&quot;}\" data-widget_type=\"button.default\">\n\t\t\t\t\t\t\t\t\t\t<a class=\"elementor-button elementor-button-link elementor-size-sm\" href=\"https:\/\/silviafernandez.com\/it\/eventi\/\">\n\t\t\t\t\t\t<span class=\"elementor-button-content-wrapper\">\n\t\t\t\t\t\t\t\t\t<span class=\"elementor-button-text\">DESIGNER DAYS<\/span>\n\t\t\t\t\t<\/span>\n\t\t\t\t\t<\/a>\n\t\t\t\t\t\t\t\t<\/div>\n\t\t\t\t<\/div>\n\t\t<div class=\"elementor-element elementor-element-debc253 e-con-full e-flex e-con e-child\" data-id=\"debc253\" data-element_type=\"container\" data-e-type=\"container\" data-settings=\"{&quot;jet_parallax_layout_list&quot;:[],&quot;background_background&quot;:&quot;classic&quot;}\">\n\t\t\t\t<div class=\"elementor-element elementor-element-e5f6966 letraadaptada elementor-widget elementor-widget-heading\" data-id=\"e5f6966\" data-element_type=\"widget\" data-e-type=\"widget\" data-widget_type=\"heading.default\">\n\t\t\t\t\t<div class=\"elementor-heading-title elementor-size-default\">EL <b>LUGAR<\/b> DONDE EMPIEZA TU HISTORIA.<\/div>\t\t\t\t<\/div>\n\t\t\t\t<div class=\"elementor-element elementor-element-e1e65bb elementor-align-center elementor-widget__width-inherit elementor-widget-mobile__width-inherit elementor-absolute botoncentrado elementor-widget elementor-widget-button\" data-id=\"e1e65bb\" data-element_type=\"widget\" data-e-type=\"widget\" data-settings=\"{&quot;_position&quot;:&quot;absolute&quot;}\" data-widget_type=\"button.default\">\n\t\t\t\t\t\t\t\t\t\t<a class=\"elementor-button elementor-button-link elementor-size-sm\" href=\"https:\/\/silviafernandez.com\/it\/puntos-de-venta-novia\/\">\n\t\t\t\t\t\t<span class=\"elementor-button-content-wrapper\">\n\t\t\t\t\t\t\t\t\t<span class=\"elementor-button-text\">pUNTOS DE VENTA<\/span>\n\t\t\t\t\t<\/span>\n\t\t\t\t\t<\/a>\n\t\t\t\t\t\t\t\t<\/div>\n\t\t\t\t<\/div>\n\t\t\t\t<\/div>\n\t\t<div class=\"elementor-element elementor-element-78c97ad e-con-full e-flex e-con e-parent\" data-id=\"78c97ad\" data-element_type=\"container\" data-e-type=\"container\" data-settings=\"{&quot;jet_parallax_layout_list&quot;:[]}\">\n\t\t\t\t<div class=\"elementor-element elementor-element-ee49599 elementor-widget elementor-widget-image\" data-id=\"ee49599\" data-element_type=\"widget\" data-e-type=\"widget\" data-widget_type=\"image.default\">\n\t\t\t\t\t\t\t\t\t\t\t\t\t\t\t<img fetchpriority=\"high\" decoding=\"async\" width=\"2560\" height=\"1920\" src=\"https:\/\/silviafernandez.com\/wp-content\/uploads\/2025\/12\/silvia-fernandez-2025-dia-4-celeste.webp\" class=\"attachment-full size-full wp-image-39291\" alt=\"Silvia Fernandez 2025 Dia 4 Celeste\" srcset=\"https:\/\/silviafernandez.com\/wp-content\/uploads\/2025\/12\/silvia-fernandez-2025-dia-4-celeste.webp 2560w, https:\/\/silviafernandez.com\/wp-content\/uploads\/2025\/12\/silvia-fernandez-2025-dia-4-celeste-300x225.webp 300w, https:\/\/silviafernandez.com\/wp-content\/uploads\/2025\/12\/silvia-fernandez-2025-dia-4-celeste-1024x768.webp 1024w, https:\/\/silviafernandez.com\/wp-content\/uploads\/2025\/12\/silvia-fernandez-2025-dia-4-celeste-768x576.webp 768w, https:\/\/silviafernandez.com\/wp-content\/uploads\/2025\/12\/silvia-fernandez-2025-dia-4-celeste-1536x1152.webp 1536w, https:\/\/silviafernandez.com\/wp-content\/uploads\/2025\/12\/silvia-fernandez-2025-dia-4-celeste-2048x1536.webp 2048w, https:\/\/silviafernandez.com\/wp-content\/uploads\/2025\/12\/silvia-fernandez-2025-dia-4-celeste-16x12.webp 16w, https:\/\/silviafernandez.com\/wp-content\/uploads\/2025\/12\/silvia-fernandez-2025-dia-4-celeste-400x300.webp 400w, https:\/\/silviafernandez.com\/wp-content\/uploads\/2025\/12\/silvia-fernandez-2025-dia-4-celeste-500x375.webp 500w, https:\/\/silviafernandez.com\/wp-content\/uploads\/2025\/12\/silvia-fernandez-2025-dia-4-celeste-900x675.webp 900w\" sizes=\"(max-width: 2560px) 100vw, 2560px\" \/>\t\t\t\t\t\t\t\t\t\t\t\t\t\t\t<\/div>\n\t\t\t\t<div class=\"elementor-element elementor-element-5a1edb4 elementor-align-center elementor-widget__width-inherit elementor-widget-mobile__width-inherit elementor-absolute botoncentrado elementor-widget elementor-widget-button\" data-id=\"5a1edb4\" data-element_type=\"widget\" data-e-type=\"widget\" data-settings=\"{&quot;_position&quot;:&quot;absolute&quot;}\" data-widget_type=\"button.default\">\n\t\t\t\t\t\t\t\t\t\t<a class=\"elementor-button elementor-button-link elementor-size-sm\" href=\"https:\/\/silviafernandez.com\/it\/vestidos-de-novia\/lazos\/\">\n\t\t\t\t\t\t<span class=\"elementor-button-content-wrapper\">\n\t\t\t\t\t\t\t\t\t<span class=\"elementor-button-text\">Colecci\u00f3n Lazos<\/span>\n\t\t\t\t\t<\/span>\n\t\t\t\t\t<\/a>\n\t\t\t\t\t\t\t\t<\/div>\n\t\t\t\t<\/div>\n\t\t<div class=\"elementor-element elementor-element-6c77c4e e-flex e-con-boxed e-con e-parent\" data-id=\"6c77c4e\" data-element_type=\"container\" data-e-type=\"container\" data-settings=\"{&quot;jet_parallax_layout_list&quot;:[]}\">\n\t\t\t\t\t<div class=\"e-con-inner\">\n\t\t<div class=\"elementor-element elementor-element-2ed49ad e-con-full e-flex e-con e-child\" data-id=\"2ed49ad\" data-element_type=\"container\" data-e-type=\"container\" data-settings=\"{&quot;jet_parallax_layout_list&quot;:[]}\">\n\t\t\t\t<div class=\"elementor-element elementor-element-c3fd0e0 elementor-widget elementor-widget-heading\" data-id=\"c3fd0e0\" data-element_type=\"widget\" data-e-type=\"widget\" data-widget_type=\"heading.default\">\n\t\t\t\t\t<h3 class=\"elementor-heading-title elementor-size-default\">Exclusividad y personalizaci\u00f3n<\/h3>\t\t\t\t<\/div>\n\t\t\t\t<div class=\"elementor-element elementor-element-986c1c0 elementor-widget elementor-widget-heading\" data-id=\"986c1c0\" data-element_type=\"widget\" data-e-type=\"widget\" data-widget_type=\"heading.default\">\n\t\t\t\t\t<div class=\"elementor-heading-title elementor-size-default\">Cada dise\u00f1o nace de un di\u00e1logo \u00edntimo con quien lo lleva. En Silvia Fern\u00e1ndez, cada vestido es una creaci\u00f3n \u00fanica, pensada para reflejar la esencia de cada mujer y su manera de sentir la belleza.<\/div>\t\t\t\t<\/div>\n\t\t\t\t<\/div>\n\t\t<div class=\"elementor-element elementor-element-170db19 e-con-full e-flex e-con e-child\" data-id=\"170db19\" data-element_type=\"container\" data-e-type=\"container\" data-settings=\"{&quot;jet_parallax_layout_list&quot;:[]}\">\n\t\t\t\t<div class=\"elementor-element elementor-element-999f9a3 elementor-widget elementor-widget-image\" data-id=\"999f9a3\" data-element_type=\"widget\" data-e-type=\"widget\" data-widget_type=\"image.default\">\n\t\t\t\t\t\t\t\t\t\t\t\t\t\t\t<img decoding=\"async\" width=\"800\" height=\"1000\" src=\"https:\/\/silviafernandez.com\/wp-content\/uploads\/2025\/12\/valores-de-marca1.webp\" class=\"attachment-full size-full wp-image-39299\" alt=\"Valores De Marca\" srcset=\"https:\/\/silviafernandez.com\/wp-content\/uploads\/2025\/12\/valores-de-marca1.webp 800w, https:\/\/silviafernandez.com\/wp-content\/uploads\/2025\/12\/valores-de-marca1-240x300.webp 240w, https:\/\/silviafernandez.com\/wp-content\/uploads\/2025\/12\/valores-de-marca1-768x960.webp 768w, https:\/\/silviafernandez.com\/wp-content\/uploads\/2025\/12\/valores-de-marca1-10x12.webp 10w, https:\/\/silviafernandez.com\/wp-content\/uploads\/2025\/12\/valores-de-marca1-400x500.webp 400w, https:\/\/silviafernandez.com\/wp-content\/uploads\/2025\/12\/valores-de-marca1-500x625.webp 500w\" sizes=\"(max-width: 800px) 100vw, 800px\" \/>\t\t\t\t\t\t\t\t\t\t\t\t\t\t\t<\/div>\n\t\t\t\t<\/div>\n\t\t<div class=\"elementor-element elementor-element-26d9cab e-con-full e-flex e-con e-child\" data-id=\"26d9cab\" data-element_type=\"container\" data-e-type=\"container\" data-settings=\"{&quot;jet_parallax_layout_list&quot;:[]}\">\n\t\t\t\t<div class=\"elementor-element elementor-element-f405b8a elementor-widget elementor-widget-heading\" data-id=\"f405b8a\" data-element_type=\"widget\" data-e-type=\"widget\" data-widget_type=\"heading.default\">\n\t\t\t\t\t<h3 class=\"elementor-heading-title elementor-size-default\">Artesan\u00eda y tradici\u00f3n<\/h3>\t\t\t\t<\/div>\n\t\t\t\t<div class=\"elementor-element elementor-element-9599c26 elementor-widget elementor-widget-heading\" data-id=\"9599c26\" data-element_type=\"widget\" data-e-type=\"widget\" data-widget_type=\"heading.default\">\n\t\t\t\t\t<div class=\"elementor-heading-title elementor-size-default\"><span class=\"a_GcMg font-feature-liga-off font-feature-clig-off font-feature-calt-off text-decoration-none text-strikethrough-none\" style=\"--Ys-XuQ: none\">El saber hacer de nuestras manos es el alma de la firma. Cada puntada, cada tejido y cada acabado son el resultado de una herencia artesanal que convierte la costura en arte.<\/span><\/div>\t\t\t\t<\/div>\n\t\t\t\t<\/div>\n\t\t\t\t\t<\/div>\n\t\t\t\t<\/div>\n\t\t<div class=\"elementor-element elementor-element-7edea2e e-flex e-con-boxed e-con e-parent\" data-id=\"7edea2e\" data-element_type=\"container\" data-e-type=\"container\" data-settings=\"{&quot;jet_parallax_layout_list&quot;:[]}\">\n\t\t\t\t\t<div class=\"e-con-inner\">\n\t\t<div class=\"elementor-element elementor-element-74af730 e-con-full e-flex e-con e-child\" data-id=\"74af730\" data-element_type=\"container\" data-e-type=\"container\" data-settings=\"{&quot;jet_parallax_layout_list&quot;:[]}\">\n\t\t\t\t<div class=\"elementor-element elementor-element-aa9f8e9 elementor-widget elementor-widget-image\" data-id=\"aa9f8e9\" data-element_type=\"widget\" data-e-type=\"widget\" data-widget_type=\"image.default\">\n\t\t\t\t\t\t\t\t\t\t\t\t\t\t\t<img decoding=\"async\" width=\"800\" height=\"1000\" src=\"https:\/\/silviafernandez.com\/wp-content\/uploads\/2025\/12\/valores-de-marca2.webp\" class=\"attachment-full size-full wp-image-39304\" alt=\"Valores De Marca\" srcset=\"https:\/\/silviafernandez.com\/wp-content\/uploads\/2025\/12\/valores-de-marca2.webp 800w, https:\/\/silviafernandez.com\/wp-content\/uploads\/2025\/12\/valores-de-marca2-240x300.webp 240w, https:\/\/silviafernandez.com\/wp-content\/uploads\/2025\/12\/valores-de-marca2-768x960.webp 768w, https:\/\/silviafernandez.com\/wp-content\/uploads\/2025\/12\/valores-de-marca2-10x12.webp 10w, https:\/\/silviafernandez.com\/wp-content\/uploads\/2025\/12\/valores-de-marca2-400x500.webp 400w, https:\/\/silviafernandez.com\/wp-content\/uploads\/2025\/12\/valores-de-marca2-500x625.webp 500w\" sizes=\"(max-width: 800px) 100vw, 800px\" \/>\t\t\t\t\t\t\t\t\t\t\t\t\t\t\t<\/div>\n\t\t\t\t<\/div>\n\t\t<div class=\"elementor-element elementor-element-d1b8563 e-con-full e-flex e-con e-child\" data-id=\"d1b8563\" data-element_type=\"container\" data-e-type=\"container\" data-settings=\"{&quot;jet_parallax_layout_list&quot;:[]}\">\n\t\t\t\t<div class=\"elementor-element elementor-element-6d7aecb elementor-widget elementor-widget-heading\" data-id=\"6d7aecb\" data-element_type=\"widget\" data-e-type=\"widget\" data-widget_type=\"heading.default\">\n\t\t\t\t\t<h3 class=\"elementor-heading-title elementor-size-default\">Elegancia \natemporal<\/h3>\t\t\t\t<\/div>\n\t\t\t\t<div class=\"elementor-element elementor-element-363a835 elementor-widget elementor-widget-heading\" data-id=\"363a835\" data-element_type=\"widget\" data-e-type=\"widget\" data-widget_type=\"heading.default\">\n\t\t\t\t\t<div class=\"elementor-heading-title elementor-size-default\">Cada dise\u00f1o nace de un di\u00e1logo \u00edntimo con quien lo lleva. En Silvia Fern\u00e1ndez, cada vestido es una creaci\u00f3n \u00fanica, pensada para reflejar la esencia de cada mujer y su manera de sentir la belleza.<\/div>\t\t\t\t<\/div>\n\t\t\t\t<\/div>\n\t\t<div class=\"elementor-element elementor-element-cdb87e1 e-con-full e-flex e-con e-child\" data-id=\"cdb87e1\" data-element_type=\"container\" data-e-type=\"container\" data-settings=\"{&quot;jet_parallax_layout_list&quot;:[]}\">\n\t\t\t\t<div class=\"elementor-element elementor-element-bd8eb27 elementor-widget elementor-widget-image\" data-id=\"bd8eb27\" data-element_type=\"widget\" data-e-type=\"widget\" data-widget_type=\"image.default\">\n\t\t\t\t\t\t\t\t\t\t\t\t\t\t\t<img loading=\"lazy\" decoding=\"async\" width=\"800\" height=\"1000\" src=\"https:\/\/silviafernandez.com\/wp-content\/uploads\/2025\/12\/valores-de-marca3.webp\" class=\"attachment-full size-full wp-image-39312\" alt=\"Valores De Marca\" srcset=\"https:\/\/silviafernandez.com\/wp-content\/uploads\/2025\/12\/valores-de-marca3.webp 800w, https:\/\/silviafernandez.com\/wp-content\/uploads\/2025\/12\/valores-de-marca3-240x300.webp 240w, https:\/\/silviafernandez.com\/wp-content\/uploads\/2025\/12\/valores-de-marca3-768x960.webp 768w, https:\/\/silviafernandez.com\/wp-content\/uploads\/2025\/12\/valores-de-marca3-10x12.webp 10w, https:\/\/silviafernandez.com\/wp-content\/uploads\/2025\/12\/valores-de-marca3-400x500.webp 400w, https:\/\/silviafernandez.com\/wp-content\/uploads\/2025\/12\/valores-de-marca3-500x625.webp 500w\" sizes=\"(max-width: 800px) 100vw, 800px\" \/>\t\t\t\t\t\t\t\t\t\t\t\t\t\t\t<\/div>\n\t\t\t\t<\/div>\n\t\t\t\t\t<\/div>\n\t\t\t\t<\/div>\n\t\t<div class=\"elementor-element elementor-element-ced9d88 e-flex e-con-boxed e-con e-parent\" data-id=\"ced9d88\" data-element_type=\"container\" data-e-type=\"container\" data-settings=\"{&quot;jet_parallax_layout_list&quot;:[]}\">\n\t\t\t\t\t<div class=\"e-con-inner\">\n\t\t\t\t<div class=\"elementor-element elementor-element-7f1d3fd elementor-align-center elementor-widget elementor-widget-button\" data-id=\"7f1d3fd\" data-element_type=\"widget\" data-e-type=\"widget\" data-widget_type=\"button.default\">\n\t\t\t\t\t\t\t\t\t\t<a class=\"elementor-button elementor-button-link elementor-size-sm\" href=\"https:\/\/silviafernandez.com\/it\/atelier\/\">\n\t\t\t\t\t\t<span class=\"elementor-button-content-wrapper\">\n\t\t\t\t\t\t\t\t\t<span class=\"elementor-button-text\">Saber m\u00e1s<\/span>\n\t\t\t\t\t<\/span>\n\t\t\t\t\t<\/a>\n\t\t\t\t\t\t\t\t<\/div>\n\t\t\t\t\t<\/div>\n\t\t\t\t<\/div>\n\t\t<div class=\"elementor-element elementor-element-04a832d e-flex e-con-boxed e-con e-parent\" data-id=\"04a832d\" data-element_type=\"container\" data-e-type=\"container\" data-settings=\"{&quot;jet_parallax_layout_list&quot;:[]}\">\n\t\t\t\t\t<div class=\"e-con-inner\">\n\t\t<div class=\"elementor-element elementor-element-f02acf7 e-con-full e-flex e-con e-child\" data-id=\"f02acf7\" data-element_type=\"container\" data-e-type=\"container\" data-settings=\"{&quot;jet_parallax_layout_list&quot;:[]}\">\n\t\t\t\t<div class=\"elementor-element elementor-element-9d8810d elementor-widget elementor-widget-html\" data-id=\"9d8810d\" data-element_type=\"widget\" data-e-type=\"widget\" data-widget_type=\"html.default\">\n\t\t\t\t\t<div class=\"pinterest-embed-1200\">\r\n  <a data-pin-do=\"embedBoard\" data-pin-board-width=\"1200\" data-pin-scale-width=\"300\" data-pin-scale-height=\"450\" href=\"https:\/\/www.pinterest.com\/silviafernadezatelier\/novias-silvia-fernandez\/\" target=\"_blank\" rel=\"noopener\">\r\n  <\/a>\r\n<\/div>\r\n\r\n<script async defer src=\"https:\/\/assets.pinterest.com\/js\/pinit.js\"><\/script>\r\n\r\n<style>\r\n\/* En escritorio: el contenedor es 1200px REALES para que Pinterest cree 4 columnas *\/\r\n@media (min-width: 1025px){\r\n  .pinterest-embed-1200{\r\n    margin: 0 auto;\r\n  }\r\n}\r\n\r\n\/* En pantallas peque\u00f1as: 100% *\/\r\n@media (max-width: 1024px){\r\n  .pinterest-embed-1200{\r\n    width: 100%;\r\n    max-width: 100%;\r\n  }\r\n}\r\n\r\n\/* Alto m\u00ednimo del grid (Pinterest mete height inline, lo pisamos) *\/\r\n.pinterest-embed-1200 [class^=\"PIN_\"][class*=\"_bd\"]{\r\n  height: 550px !important;\r\n  min-height: 550px !important;\r\n}\r\n\r\n\/* NO forzamos widths de columnas: dejamos que Pinterest cree 4 si cabe *\/\r\n<\/style>\r\n\t\t\t\t<\/div>\n\t\t\t\t<\/div>\n\t\t<div class=\"elementor-element elementor-element-5997fbb e-con-full e-flex e-con e-child\" data-id=\"5997fbb\" data-element_type=\"container\" data-e-type=\"container\" data-settings=\"{&quot;jet_parallax_layout_list&quot;:[]}\">\n\t\t\t\t<div class=\"elementor-element elementor-element-2e86172 elementor-widget elementor-widget-heading\" data-id=\"2e86172\" data-element_type=\"widget\" data-e-type=\"widget\" data-widget_type=\"heading.default\">\n\t\t\t\t\t<h3 class=\"elementor-heading-title elementor-size-default\">Novias Silvia Fern\u00e1ndez<\/h3>\t\t\t\t<\/div>\n\t\t\t\t<div class=\"elementor-element elementor-element-1c5f588 elementor-widget elementor-widget-heading\" data-id=\"1c5f588\" data-element_type=\"widget\" data-e-type=\"widget\" data-widget_type=\"heading.default\">\n\t\t\t\t\t<div class=\"elementor-heading-title elementor-size-default\">Cada vez son m\u00e1s las novias que eligen los vestidos de novia de Silvia Fern\u00e1ndez para el d\u00eda de su boda. Novias que buscan un dise\u00f1o exclusivo, una confecci\u00f3n cuidada y un vestido que refleje su personalidad en un momento \u00fanico.<br><br>\n\nLos vestidos de novia Silvia Fern\u00e1ndez acompa\u00f1an a mujeres que quieren sentirse ellas mismas, elegantes y seguras en su gran d\u00eda, con dise\u00f1os pensados para realzar la belleza natural de cada novia y hacer que su boda sea verdaderamente inolvidable.<\/div>\t\t\t\t<\/div>\n\t\t\t\t<\/div>\n\t\t\t\t\t<\/div>\n\t\t\t\t<\/div>\n\t\t\t\t<\/div>\n\t\t","protected":false},"excerpt":{"rendered":"<p>Origen DESCUBRE LA PREVIEW DE LA NUEVA COLECCI\u00d3N NOVIA 2027. ACCESO EXCLUSIVO EN NUESTROS DESIGNER DAYS. \u201cDise\u00f1ada para ser descubierta, no mostrada.\u201d RESERVA TU CITA VIVE UNA EXPERIENCIA EXCLUSIVA PARA DESCUBRIR ORIGEN EN PRIMICIA JUNTO A SILVIA. Solo en 12 tiendas seleccionadas. DESIGNER DAYS EL LUGAR DONDE EMPIEZA TU HISTORIA. pUNTOS DE VENTA Colecci\u00f3n Lazos [&hellip;]<\/p>\n","protected":false},"author":229,"featured_media":43891,"parent":0,"menu_order":0,"comment_status":"closed","ping_status":"closed","template":"","meta":{"footnotes":""},"class_list":["post-43776","page","type-page","status-publish","has-post-thumbnail","hentry"],"_links":{"self":[{"href":"https:\/\/silviafernandez.com\/it\/wp-json\/wp\/v2\/pages\/43776","targetHints":{"allow":["GET"]}}],"collection":[{"href":"https:\/\/silviafernandez.com\/it\/wp-json\/wp\/v2\/pages"}],"about":[{"href":"https:\/\/silviafernandez.com\/it\/wp-json\/wp\/v2\/types\/page"}],"author":[{"embeddable":true,"href":"https:\/\/silviafernandez.com\/it\/wp-json\/wp\/v2\/users\/229"}],"replies":[{"embeddable":true,"href":"https:\/\/silviafernandez.com\/it\/wp-json\/wp\/v2\/comments?post=43776"}],"version-history":[{"count":9,"href":"https:\/\/silviafernandez.com\/it\/wp-json\/wp\/v2\/pages\/43776\/revisions"}],"predecessor-version":[{"id":43991,"href":"https:\/\/silviafernandez.com\/it\/wp-json\/wp\/v2\/pages\/43776\/revisions\/43991"}],"wp:featuredmedia":[{"embeddable":true,"href":"https:\/\/silviafernandez.com\/it\/wp-json\/wp\/v2\/media\/43891"}],"wp:attachment":[{"href":"https:\/\/silviafernandez.com\/it\/wp-json\/wp\/v2\/media?parent=43776"}],"curies":[{"name":"wp","href":"https:\/\/api.w.org\/{rel}","templated":true}]}}