{"id":43722,"date":"2026-03-20T15:17:38","date_gmt":"2026-03-20T14:17:38","guid":{"rendered":"https:\/\/silviafernandez.com\/?page_id=43722"},"modified":"2026-03-26T10:30:26","modified_gmt":"2026-03-26T09:30:26","slug":"vive-el-origen-de-tu-vestido","status":"publish","type":"page","link":"https:\/\/silviafernandez.com\/it\/vive-el-origen-de-tu-vestido\/","title":{"rendered":"Vive el origen de tu vestido"},"content":{"rendered":"\t\t<div data-elementor-type=\"wp-page\" data-elementor-id=\"43722\" class=\"elementor elementor-43722\" data-elementor-post-type=\"page\">\n\t\t\t\t<div class=\"elementor-element elementor-element-5bd2907 e-flex e-con-boxed e-con e-parent\" data-id=\"5bd2907\" data-element_type=\"container\" data-e-type=\"container\" data-settings=\"{&quot;jet_parallax_layout_list&quot;:[]}\">\n\t\t\t\t\t<div class=\"e-con-inner\">\n\t\t<div class=\"elementor-element elementor-element-bce9526 e-con-full e-flex e-con e-child\" data-id=\"bce9526\" data-element_type=\"container\" data-e-type=\"container\" data-settings=\"{&quot;background_background&quot;:&quot;classic&quot;,&quot;jet_parallax_layout_list&quot;:[]}\">\n\t\t\t\t<div class=\"elementor-element elementor-element-1724bd9 elementor-widget elementor-widget-heading\" data-id=\"1724bd9\" data-element_type=\"widget\" data-e-type=\"widget\" data-widget_type=\"heading.default\">\n\t\t\t\t\t<h1 class=\"elementor-heading-title elementor-size-default\">Vive el origen de tu vestido<\/h1>\t\t\t\t<\/div>\n\t\t\t\t<\/div>\n\t\t\t\t\t<\/div>\n\t\t\t\t<\/div>\n\t\t<div class=\"elementor-element elementor-element-0b48f2e e-flex e-con-boxed e-con e-parent\" data-id=\"0b48f2e\" data-element_type=\"container\" data-e-type=\"container\" data-settings=\"{&quot;jet_parallax_layout_list&quot;:[]}\">\n\t\t\t\t\t<div class=\"e-con-inner\">\n\t\t\t\t<div class=\"elementor-element elementor-element-f599a3c elementor-widget elementor-widget-text-editor\" data-id=\"f599a3c\" data-element_type=\"widget\" data-e-type=\"widget\" data-widget_type=\"text-editor.default\">\n\t\t\t\t\t\t\t\t\t<p>Como parte del pasado Designer Day, queremos invitarte a una experiencia \u00fanica en nuestro atelier de Ponferrada.<\/p><p>Hemos abierto una fecha muy especial para las novias que se casan este verano:<\/p><p>\ud83d\udcc5 27 de abril.<\/p><p>Guarda esta fecha.<\/p><h4>Una invitaci\u00f3n muy especial<\/h4><p>Te abrimos las puertas de nuestro atelier para que descubras, desde dentro, c\u00f3mo nace tu vestido.<\/p><p>Un d\u00eda para entender cada detalle, cada puntada, cada decisi\u00f3n. Para ver de cerca el proceso artesanal que hay detr\u00e1s de tu dise\u00f1o y formar parte de \u00e9l.<\/p><p>Desde las <strong>10:00h<\/strong>, vivir\u00e1s una jornada junto a nuestro equipo, donde la moda se experimenta de una forma \u00fanica y cercana.<\/p><p>Adem\u00e1s, compartir\u00e1s una comida muy especial con Silvia, en un encuentro \u00edntimo pensado para conversar, inspirar y disfrutar.<\/p><p>Una experiencia que forma parte de tu historia.<br \/>Un privilegio reservado a muy pocas.<\/p><h4>Confirmaci\u00f3n de asistencia<\/h4><p>Nos encantar\u00e1 saber si podr\u00e1s acompa\u00f1arnos:<\/p>\t\t\t\t\t\t\t\t<\/div>\n\t\t\t\t<div class=\"elementor-element elementor-element-8f65031 elementor-widget elementor-widget-jet-engine-booking-form\" data-id=\"8f65031\" data-element_type=\"widget\" data-e-type=\"widget\" data-widget_type=\"jet-engine-booking-form.default\">\n\t\t\t\t<div class=\"elementor-widget-container\">\n\t\t\t\t\t<form  class=\"jet-form layout-column submit-type-reload\" action=\"\/it\/wp-json\/wp\/v2\/pages\/43722?jet_engine_action=book&#038;nocache=1777481544\" method=\"POST\" data-form-id=\"43740\"><input class=\"jet-form__field hidden-field\" type=\"hidden\" name=\"_jet_engine_booking_form_id\" value=\"43740\" data-field-name=\"_jet_engine_booking_form_id\"><input class=\"jet-form__field hidden-field\" type=\"hidden\" name=\"_jet_engine_refer\" value=\"https:\/\/silviafernandez.com\/it\/wp-json\/wp\/v2\/pages\/43722\" data-field-name=\"_jet_engine_refer\"><div  class=\"jet-form-row jet-form-row--hidden\"><div class=\"jet-form-col jet-form-col-12  field-type-hidden  jet-form-field-container\" data-field=\"post_id\" data-conditional=\"false\"><input class=\"jet-form__field hidden-field\" type=\"hidden\" name=\"post_id\" value=\"43722\" data-field-name=\"post_id\"><\/div><\/div><div  class=\"jet-form-row jet-form-row--first-visible\"><div class=\"jet-form-col jet-form-col-12  field-type-text  jet-form-field-container\" data-field=\"nombre_cliente\" data-conditional=\"false\"><input class=\"jet-form__field text-field \" placeholder=\"Nombre\" value=\"\" required=\"required\" name=\"nombre_cliente\" id=\"nombre_cliente\" type=\"text\" data-field-name=\"nombre_cliente\"><\/div><\/div><div  class=\"jet-form-row\"><div class=\"jet-form-col jet-form-col-12  field-type-text  jet-form-field-container\" data-field=\"telefono\" data-conditional=\"false\"><input class=\"jet-form__field text-field \" placeholder=\"Tel\u00e9fono\" value=\"\" required=\"required\" name=\"telefono\" id=\"telefono\" type=\"tel\" data-field-name=\"telefono\"><\/div><\/div><div  class=\"jet-form-row\"><div class=\"jet-form-col jet-form-col-12  field-type-text  jet-form-field-container\" data-field=\"email\" data-conditional=\"false\"><input class=\"jet-form__field text-field \" placeholder=\"Email\" value=\"\" required=\"required\" name=\"email\" id=\"email\" type=\"email\" data-field-name=\"email\"><\/div><\/div><div  class=\"jet-form-row\"><div class=\"jet-form-col jet-form-col-12  field-type-checkboxes  jet-form-field-container\" data-field=\"desfile\" data-conditional=\"false\"><div class=\"jet-form__label\">\n\t<span class=\"jet-form__label-text\" >\u00bfAcudir\u00e1s al evento?<\/span>\n\t<\/div><div class=\"jet-form__fields-group checkradio-wrap\">\t\t<div class=\"jet-form__field-wrap checkboxes-wrap checkradio-wrap\">\n\t\t\t\t\t\t<label class=\"jet-form__field-label\">\n\t\t\t\t<input\n\t\t\t\t\ttype=\"checkbox\"\n\t\t\t\t\tname=\"desfile\"\n\t\t\t\t\tclass=\"jet-form__field checkboxes-field checkradio-field\"\n\t\t\t\t\tvalue=\"Si\"\n\t\t\t\t\tdata-field-name=\"desfile\"\n\t\t\t\t\t\t\t\t\t\t\t\t\t\t\t\t\t\t\t>\n\t\t\t\tSi\t\t\t<\/label>\n\t\t<\/div>\n\t\t<\/div><\/div><\/div><div  class=\"jet-form-row\"><div class=\"jet-form-col jet-form-col-12  field-type-number  jet-form-field-container\" data-field=\"personas_desfile\" data-conditional=\"[{&quot;type&quot;:&quot;show&quot;,&quot;field&quot;:&quot;desfile&quot;,&quot;operator&quot;:&quot;contain&quot;,&quot;value&quot;:&quot;Si&quot;,&quot;set_value&quot;:&quot;&quot;}]\"><div class=\"jet-form__label\">\n\t<span class=\"jet-form__label-text\" >\u00bfCu\u00e1ntos acudir\u00e9is?<span class=\"jet-form__required\">*<\/span><\/span>\n\t<\/div><input type=\"number\" class=\"jet-form__field text-field\" value=\"1\" required=\"required\" min=\"1\" max=\"5\" step=\"1\" name=\"personas_desfile\" data-field-name=\"personas_desfile\" id=\"personas_desfile\"><\/div><\/div><div  class=\"jet-form-row jet-form-row--submit\"><div class=\"jet-form-col jet-form-col-12  field-type-submit  jet-form-field-container\" data-field=\"submit\" data-conditional=\"false\"><div class=\"jet-form__submit-wrap\">\n\t\t<button class=\"jet-form__submit submit-type-reload\" type=\"submit\">Enviar<\/button>\n<\/div><\/div><\/div><input class=\"jet-form__field hidden-field\" type=\"hidden\" name=\"_jet_engine_nonce\" value=\"e9461b51f2\" data-field-name=\"_jet_engine_nonce\"><\/form>\t\t\t\t<\/div>\n\t\t\t\t<\/div>\n\t\t\t\t<div class=\"elementor-element elementor-element-f40142e elementor-widget elementor-widget-text-editor\" data-id=\"f40142e\" data-element_type=\"widget\" data-e-type=\"widget\" data-widget_type=\"text-editor.default\">\n\t\t\t\t\t\t\t\t\t<p>Porque hay historias que merecen vivirse desde el principio&#8230;. Te esperamos en:<br \/><br \/><\/p><p><b><i>C. Cam. de Santiago, 26, 24402 Ponferrada, Le\u00f3n<\/i><\/b><\/p><p><br \/><br \/><\/p><p>27-04-2026 <b>10:00H<\/b><\/p>\t\t\t\t\t\t\t\t<\/div>\n\t\t<div class=\"elementor-element elementor-element-48dead4 e-con-full e-flex e-con e-child\" data-id=\"48dead4\" data-element_type=\"container\" data-e-type=\"container\" data-settings=\"{&quot;background_background&quot;:&quot;classic&quot;,&quot;jet_parallax_layout_list&quot;:[]}\">\n\t\t\t\t<\/div>\n\t\t\t\t\t<\/div>\n\t\t\t\t<\/div>\n\t\t\t\t<\/div>\n\t\t","protected":false},"excerpt":{"rendered":"<p>Vive el origen de tu vestido Como parte del pasado Designer Day, queremos invitarte a una experiencia \u00fanica en nuestro atelier de Ponferrada. Hemos abierto una fecha muy especial para las novias que se casan este verano: \ud83d\udcc5 27 de abril. Guarda esta fecha. Una invitaci\u00f3n muy especial Te abrimos las puertas de nuestro atelier [&hellip;]<\/p>\n","protected":false},"author":229,"featured_media":43729,"parent":0,"menu_order":0,"comment_status":"closed","ping_status":"closed","template":"","meta":{"footnotes":""},"class_list":["post-43722","page","type-page","status-publish","has-post-thumbnail","hentry"],"_links":{"self":[{"href":"https:\/\/silviafernandez.com\/it\/wp-json\/wp\/v2\/pages\/43722","targetHints":{"allow":["GET"]}}],"collection":[{"href":"https:\/\/silviafernandez.com\/it\/wp-json\/wp\/v2\/pages"}],"about":[{"href":"https:\/\/silviafernandez.com\/it\/wp-json\/wp\/v2\/types\/page"}],"author":[{"embeddable":true,"href":"https:\/\/silviafernandez.com\/it\/wp-json\/wp\/v2\/users\/229"}],"replies":[{"embeddable":true,"href":"https:\/\/silviafernandez.com\/it\/wp-json\/wp\/v2\/comments?post=43722"}],"version-history":[{"count":9,"href":"https:\/\/silviafernandez.com\/it\/wp-json\/wp\/v2\/pages\/43722\/revisions"}],"predecessor-version":[{"id":43766,"href":"https:\/\/silviafernandez.com\/it\/wp-json\/wp\/v2\/pages\/43722\/revisions\/43766"}],"wp:featuredmedia":[{"embeddable":true,"href":"https:\/\/silviafernandez.com\/it\/wp-json\/wp\/v2\/media\/43729"}],"wp:attachment":[{"href":"https:\/\/silviafernandez.com\/it\/wp-json\/wp\/v2\/media?parent=43722"}],"curies":[{"name":"wp","href":"https:\/\/api.w.org\/{rel}","templated":true}]}}