{"id":29139,"date":"2024-06-06T16:06:01","date_gmt":"2024-06-06T14:06:01","guid":{"rendered":"https:\/\/silviafernandez.com\/?page_id=29139"},"modified":"2025-05-20T13:04:22","modified_gmt":"2025-05-20T11:04:22","slug":"reserva-vestidos-novia-cordoba","status":"publish","type":"page","link":"https:\/\/silviafernandez.com\/it\/reserva-vestidos-novia-cordoba\/","title":{"rendered":"Vestidos de novia C\u00f3rdoba"},"content":{"rendered":"\t\t<div data-elementor-type=\"wp-page\" data-elementor-id=\"29139\" class=\"elementor elementor-29139\" data-elementor-post-type=\"page\">\n\t\t\t\t\t\t<section class=\"elementor-section elementor-top-section elementor-element elementor-element-55a4e098 elementor-section-height-min-height elementor-section-items-stretch elementor-section-content-middle elementor-section-boxed elementor-section-height-default\" data-id=\"55a4e098\" data-element_type=\"section\" data-e-type=\"section\" data-settings=\"{&quot;background_background&quot;:&quot;classic&quot;,&quot;jet_parallax_layout_list&quot;:[]}\">\n\t\t\t\t\t\t\t<div class=\"elementor-background-overlay\"><\/div>\n\t\t\t\t\t\t\t<div class=\"elementor-container elementor-column-gap-default\">\n\t\t\t\t\t<div class=\"elementor-column elementor-col-100 elementor-top-column elementor-element elementor-element-15d30178\" data-id=\"15d30178\" data-element_type=\"column\" data-e-type=\"column\">\n\t\t\t<div class=\"elementor-widget-wrap elementor-element-populated\">\n\t\t\t\t\t\t<div class=\"elementor-element elementor-element-5b109aec elementor-widget elementor-widget-heading\" data-id=\"5b109aec\" data-element_type=\"widget\" data-e-type=\"widget\" data-widget_type=\"heading.default\">\n\t\t\t\t\t<h2 class=\"elementor-heading-title elementor-size-default\">C\u00d3RDOBA<\/h2>\t\t\t\t<\/div>\n\t\t\t\t<div class=\"elementor-element elementor-element-c9a6eb3 elementor-widget elementor-widget-heading\" data-id=\"c9a6eb3\" data-element_type=\"widget\" data-e-type=\"widget\" data-widget_type=\"heading.default\">\n\t\t\t\t\t<h2 class=\"elementor-heading-title elementor-size-default\">Calle Sevilla, 9<\/h2>\t\t\t\t<\/div>\n\t\t\t\t<div class=\"elementor-element elementor-element-3f64df44 elementor-widget-divider--view-line elementor-widget elementor-widget-divider\" data-id=\"3f64df44\" data-element_type=\"widget\" data-e-type=\"widget\" data-widget_type=\"divider.default\">\n\t\t\t\t\t\t\t<div class=\"elementor-divider\">\n\t\t\t<span class=\"elementor-divider-separator\">\n\t\t\t\t\t\t<\/span>\n\t\t<\/div>\n\t\t\t\t\t\t<\/div>\n\t\t\t\t<div class=\"elementor-element elementor-element-539f52a elementor-widget elementor-widget-template\" data-id=\"539f52a\" data-element_type=\"widget\" data-e-type=\"widget\" data-widget_type=\"template.default\">\n\t\t\t\t<div class=\"elementor-widget-container\">\n\t\t\t\t\t\t\t<div class=\"elementor-template\">\n\t\t\t\t\t<div data-elementor-type=\"container\" data-elementor-id=\"29994\" class=\"elementor elementor-29994\" data-elementor-post-type=\"elementor_library\">\n\t\t\t\t<div class=\"elementor-element elementor-element-4a843816 e-flex e-con-boxed e-con e-parent\" data-id=\"4a843816\" data-element_type=\"container\" data-e-type=\"container\" data-settings=\"{&quot;jet_parallax_layout_list&quot;:[]}\">\n\t\t\t\t\t<div class=\"e-con-inner\">\n\t\t\t\t<div class=\"elementor-element elementor-element-777e550 elementor-widget elementor-widget-heading\" data-id=\"777e550\" data-element_type=\"widget\" data-e-type=\"widget\" data-widget_type=\"heading.default\">\n\t\t\t\t\t<div class=\"elementor-heading-title elementor-size-default\">Reserva de Cita<\/div>\t\t\t\t<\/div>\n\t\t\t\t<div class=\"elementor-element elementor-element-29645f16 elementor-button-align-start elementor-widget elementor-widget-form\" data-id=\"29645f16\" data-element_type=\"widget\" data-e-type=\"widget\" data-settings=\"{&quot;step_next_label&quot;:&quot;Siguiente&quot;,&quot;step_previous_label&quot;:&quot;Anterior&quot;,&quot;button_width&quot;:&quot;100&quot;,&quot;step_type&quot;:&quot;number_text&quot;,&quot;step_icon_shape&quot;:&quot;circle&quot;}\" data-widget_type=\"form.default\">\n\t\t\t\t\t\t\t<form class=\"elementor-form\" method=\"post\" name=\"Formulario Citas whastapp\" aria-label=\"Formulario Citas whastapp\" novalidate=\"\">\n\t\t\t<input type=\"hidden\" name=\"post_id\" value=\"29994\"\/>\n\t\t\t<input type=\"hidden\" name=\"form_id\" value=\"29645f16\"\/>\n\t\t\t<input type=\"hidden\" name=\"referer_title\" value=\"Vestidos de novia C\u00f3rdoba - Silvia Fernandez\" \/>\n\n\t\t\t\t\t\t\t<input type=\"hidden\" name=\"queried_id\" value=\"29139\"\/>\n\t\t\t\n\t\t\t<div class=\"elementor-form-fields-wrapper elementor-labels-above\">\n\t\t\t\t\t\t\t\t<div class=\"elementor-field-type-text elementor-field-group elementor-column elementor-field-group-nombre elementor-col-100 elementor-field-required\">\n\t\t\t\t\t\t\t\t\t\t\t\t<label for=\"form-field-nombre\" class=\"elementor-field-label\">\n\t\t\t\t\t\t\t\tNombre\t\t\t\t\t\t\t<\/label>\n\t\t\t\t\t\t\t\t\t\t\t\t\t\t<input size=\"1\" type=\"text\" name=\"form_fields[nombre]\" id=\"form-field-nombre\" class=\"elementor-field elementor-size-sm  elementor-field-textual\" required=\"required\">\n\t\t\t\t\t\t\t\t\t\t\t<\/div>\n\t\t\t\t\t\t\t\t<div class=\"elementor-field-type-text elementor-field-group elementor-column elementor-field-group-apellido elementor-col-100 elementor-field-required\">\n\t\t\t\t\t\t\t\t\t\t\t\t<label for=\"form-field-apellido\" class=\"elementor-field-label\">\n\t\t\t\t\t\t\t\tApellidos\t\t\t\t\t\t\t<\/label>\n\t\t\t\t\t\t\t\t\t\t\t\t\t\t<input size=\"1\" type=\"text\" name=\"form_fields[apellido]\" id=\"form-field-apellido\" class=\"elementor-field elementor-size-sm  elementor-field-textual\" required=\"required\">\n\t\t\t\t\t\t\t\t\t\t\t<\/div>\n\t\t\t\t\t\t\t\t<div class=\"elementor-field-type-telephone elementor-field-group elementor-column elementor-field-group-phone elementor-col-100 elementor-field-required\">\n\t\t\t\t\t\t\t\t\t\t\t\t<label for=\"form-field-phone\" class=\"elementor-field-label\">\n\t\t\t\t\t\t\t\tTel\u00e9fono\t\t\t\t\t\t\t<\/label>\n\t\t\t\t\t\t\t\t<input dir=\"ltr\" type=\"text\" name=\"change_name_phone\" id=\"form-field-phone\" class=\"elementor-field elementor-size-sm  elementor-field-telephone elementor-field-textual yee-ltr\" required=\"required\" data-pre=\"es\" data-excludeCountries=\"\" data-onlyct=\"\" data-defcountry=\"es\" data-hide_flag=\"yes\" data-hide_code=\"\" data-validation=\"yes\" data-name=\"phone\" data-telephone_search=\"\" >\n\t\t<input onkeydown=\"return \/[0-9]|\\(|\\)|\\+|-|BACKSPACE\/i.test(event.key)\" type=\"hidden\" class=\"phone_check\" name=\"form_fields[phone_check]\" value=\"\" >\n\t\t\t\t\t\t<\/div>\n\t\t\t\t\t\t\t\t<div class=\"elementor-field-type-email elementor-field-group elementor-column elementor-field-group-email elementor-col-100 elementor-field-required\">\n\t\t\t\t\t\t\t\t\t\t\t\t<label for=\"form-field-email\" class=\"elementor-field-label\">\n\t\t\t\t\t\t\t\tEmail\t\t\t\t\t\t\t<\/label>\n\t\t\t\t\t\t\t\t\t\t\t\t\t\t<input size=\"1\" type=\"email\" name=\"form_fields[email]\" id=\"form-field-email\" class=\"elementor-field elementor-size-sm  elementor-field-textual\" required=\"required\">\n\t\t\t\t\t\t\t\t\t\t\t<\/div>\n\t\t\t\t\t\t\t\t<div class=\"elementor-field-type-select elementor-field-group elementor-column elementor-field-group-field_effb479 elementor-col-100\">\n\t\t\t\t\t\t\t\t\t\t\t\t<label for=\"form-field-field_effb479\" class=\"elementor-field-label\">\n\t\t\t\t\t\t\t\tTipo de Vestido\t\t\t\t\t\t\t<\/label>\n\t\t\t\t\t\t\t\t<div class=\"elementor-field elementor-select-wrapper remove-before \">\n\t\t\t<div class=\"select-caret-down-wrapper\">\n\t\t\t\t<svg aria-hidden=\"true\" class=\"e-font-icon-svg e-eicon-caret-down\" viewBox=\"0 0 571.4 571.4\" xmlns=\"http:\/\/www.w3.org\/2000\/svg\"><path d=\"M571 393Q571 407 561 418L311 668Q300 679 286 679T261 668L11 418Q0 407 0 393T11 368 36 357H536Q550 357 561 368T571 393Z\"><\/path><\/svg>\t\t\t<\/div>\n\t\t\t<select name=\"form_fields[field_effb479]\" id=\"form-field-field_effb479\" class=\"elementor-field-textual elementor-size-sm\">\n\t\t\t\t\t\t\t\t\t<option value=\"\"><\/option>\n\t\t\t\t\t\t\t\t\t<option value=\"Vestido de Novia\">Vestido de Novia<\/option>\n\t\t\t\t\t\t\t\t\t<option value=\"Vestido de Fiesta\">Vestido de Fiesta<\/option>\n\t\t\t\t\t\t\t<\/select>\n\t\t<\/div>\n\t\t\t\t\t\t<\/div>\n\t\t\t\t\t\t\t\t<div class=\"elementor-field-type-date elementor-field-group elementor-column elementor-field-group-fecha_cita elementor-col-100 elementor-field-required\">\n\t\t\t\t\t\t\t\t\t\t\t\t<label for=\"form-field-fecha_cita\" class=\"elementor-field-label\">\n\t\t\t\t\t\t\t\tFecha de cita\t\t\t\t\t\t\t<\/label>\n\t\t\t\t\t\t\n\t\t<input type=\"date\" name=\"form_fields[fecha_cita]\" id=\"form-field-fecha_cita\" class=\"elementor-field elementor-size-sm  elementor-field-textual elementor-date-field\" required=\"required\" pattern=\"[0-9]{4}-[0-9]{2}-[0-9]{2}\">\n\t\t\t\t\t\t<\/div>\n\t\t\t\t\t\t\t\t<div class=\"elementor-field-group elementor-column elementor-field-type-submit elementor-col-100 e-form__buttons\">\n\t\t\t\t\t<button class=\"elementor-button elementor-size-sm\" type=\"submit\">\n\t\t\t\t\t\t<span class=\"elementor-button-content-wrapper\">\n\t\t\t\t\t\t\t\t\t\t\t\t\t\t\t\t\t\t\t\t\t\t<span class=\"elementor-button-text\">Reservar<\/span>\n\t\t\t\t\t\t\t\t\t\t\t\t\t<\/span>\n\t\t\t\t\t<\/button>\n\t\t\t\t<\/div>\n\t\t\t<\/div>\n\t\t<\/form>\n\t\t\t\t\t\t<\/div>\n\t\t\t\t<div class=\"elementor-element elementor-element-141a562 elementor-widget elementor-widget-shortcode\" data-id=\"141a562\" data-element_type=\"widget\" data-e-type=\"widget\" data-widget_type=\"shortcode.default\">\n\t\t\t\t\t\t\t<div class=\"elementor-shortcode\"><\/div>\n\t\t\t\t\t\t<\/div>\n\t\t\t\t\t<\/div>\n\t\t\t\t<\/div>\n\t\t\t\t<\/div>\n\t\t\t\t<\/div>\n\t\t\t\t\t\t<\/div>\n\t\t\t\t<\/div>\n\t\t\t\t<div class=\"elementor-element elementor-element-659b403 elementor-widget elementor-widget-text-editor\" data-id=\"659b403\" data-element_type=\"widget\" data-e-type=\"widget\" data-widget_type=\"text-editor.default\">\n\t\t\t\t\t\t\t\t\t<p><b>Vestidos de Novia &#8211; Silvia Fern\u00e1ndez C\u00f3rdoba<\/b>, en pleno centro de <b>C\u00f3rdoba<\/b>, nos dedicamos a crear <b>vestidos de novia<\/b> y <b>vestidos de fiesta<\/b> que destacan por su estilo \u00fanico, calidad artesanal y dise\u00f1o sofisticado. Nuestro equipo de dise\u00f1adores trabaja cuidadosamente en cada colecci\u00f3n, siguiendo las \u00faltimas tendencias de la <b>moda nupcial<\/b> y creando piezas que resaltan por su elegancia y distinci\u00f3n.<\/p><p>Ofrecemos una amplia variedad de <b>vestidos de novia en C\u00f3rdoba<\/b>, tanto de nuestras exclusivas colecciones como opciones personalizadas para novias que desean un dise\u00f1o hecho a medida. Nos especializamos en adaptarnos a las necesidades y deseos de cada clienta, creando vestidos \u00fanicos que reflejan su personalidad, desde los dise\u00f1os m\u00e1s cl\u00e1sicos hasta los m\u00e1s vanguardistas.<\/p><p>Adem\u00e1s, en nuestro atelier encontrar\u00e1s una selecci\u00f3n exquisita de <b>vestidos de fiesta en C\u00f3rdoba<\/b>, perfectos para invitadas que buscan destacar en cualquier evento. La combinaci\u00f3n de materiales de alta calidad, detalles artesanales y un dise\u00f1o impecable hacen de nuestros vestidos la opci\u00f3n ideal para quienes buscan exclusividad y sofisticaci\u00f3n.<\/p><p>Si buscas un lugar donde encontrar el <b>vestido de novia perfecto en C\u00f3rdoba<\/b>, o un <b>atelier de vestidos de fiesta<\/b> que se ajuste a tus expectativas, en <b>Silvia Fern\u00e1ndez Atelier<\/b> ofrecemos una experiencia personalizada y cercana. Nuestra ubicaci\u00f3n en el centro de la ciudad facilita el acceso, convirti\u00e9ndonos en un referente para novias y clientas de toda la provincia.<\/p><p>Vis\u00edtanos en <b>C\u00f3rdoba <\/b>y deja que te ayudemos a encontrar el vestido de tus sue\u00f1os. \u00a1La elegancia y el estilo te esperan en Silvia Fern\u00e1ndez Atelier!<\/p>\t\t\t\t\t\t\t\t<\/div>\n\t\t\t\t\t<\/div>\n\t\t<\/div>\n\t\t\t\t\t<\/div>\n\t\t<\/section>\n\t\t\t\t<\/div>\n\t\t","protected":false},"excerpt":{"rendered":"<p>C\u00d3RDOBA Calle Sevilla, 9 Vestidos de Novia &#8211; Silvia Fern\u00e1ndez C\u00f3rdoba, en pleno centro de C\u00f3rdoba, nos dedicamos a crear vestidos de novia y vestidos de fiesta que destacan por su estilo \u00fanico, calidad artesanal y dise\u00f1o sofisticado. Nuestro equipo de dise\u00f1adores trabaja cuidadosamente en cada colecci\u00f3n, siguiendo las \u00faltimas tendencias de la moda nupcial [&hellip;]<\/p>\n","protected":false},"author":1,"featured_media":0,"parent":0,"menu_order":0,"comment_status":"closed","ping_status":"closed","template":"","meta":{"footnotes":""},"class_list":["post-29139","page","type-page","status-publish","hentry"],"_links":{"self":[{"href":"https:\/\/silviafernandez.com\/it\/wp-json\/wp\/v2\/pages\/29139","targetHints":{"allow":["GET"]}}],"collection":[{"href":"https:\/\/silviafernandez.com\/it\/wp-json\/wp\/v2\/pages"}],"about":[{"href":"https:\/\/silviafernandez.com\/it\/wp-json\/wp\/v2\/types\/page"}],"author":[{"embeddable":true,"href":"https:\/\/silviafernandez.com\/it\/wp-json\/wp\/v2\/users\/1"}],"replies":[{"embeddable":true,"href":"https:\/\/silviafernandez.com\/it\/wp-json\/wp\/v2\/comments?post=29139"}],"version-history":[{"count":3,"href":"https:\/\/silviafernandez.com\/it\/wp-json\/wp\/v2\/pages\/29139\/revisions"}],"predecessor-version":[{"id":35872,"href":"https:\/\/silviafernandez.com\/it\/wp-json\/wp\/v2\/pages\/29139\/revisions\/35872"}],"wp:attachment":[{"href":"https:\/\/silviafernandez.com\/it\/wp-json\/wp\/v2\/media?parent=29139"}],"curies":[{"name":"wp","href":"https:\/\/api.w.org\/{rel}","templated":true}]}}